{"id":25557,"date":"2025-10-13T21:45:38","date_gmt":"2025-10-13T21:45:38","guid":{"rendered":"https:\/\/cipele.ba\/shop\/uncategorized\/kander-windy-2\/"},"modified":"2026-04-21T19:04:58","modified_gmt":"2026-04-21T19:04:58","slug":"kander-windy-2","status":"publish","type":"product","link":"https:\/\/cipele.ba\/en\/shop\/djeca\/djecije-cizme\/kander-windy-2\/","title":{"rendered":"Kander Windy"},"content":{"rendered":"<\/p>\n<p>Kander Windy dje\u010dije outdoor \u010dizme za djevoj\u010dice dizajnirane su da pru\u017ee savr\u0161enu kombinaciju fleksibilnosti i potpore za stopala mladih.<\/p>\n<\/p>\n<p> <b> Detalji <\/b> <\/p>\n<li>Sistem brzog pertlanja elasti\u010dnim pertlama za lako pode\u0161avanje <\/li>\n<li> \u010ci\u010dak-traka na gornjem dijelu za \u010dvrsto prianjanje oko \u010dlanka <\/li>\n<li>Vodootporne su zahvaljuju\u0107i vodootpornom sloju<\/li>\n<li> Gumeni \u0111on pru\u017ea vrhunsko prianjanje na svakoj povr\u0161ini <\/li>","protected":false},"excerpt":{"rendered":"<p>Kander Windy dje\u010dije outdoor \u010dizme za djevoj\u010dice dizajnirane su da pru\u017ee savr\u0161enu kombinaciju fleksibilnosti i potpore za stopala mladih. Detalji Sistem brzog pertlanja elasti\u010dnim pertlama za lako pode\u0161avanje \u010ci\u010dak-traka na gornjem dijelu za \u010dvrsto prianjanje oko \u010dlanka Vodootporne su zahvaljuju\u0107i vodootpornom sloju Gumeni \u0111on pru\u017ea vrhunsko prianjanje na svakoj povr\u0161ini<\/p>","protected":false},"featured_media":25556,"template":"","meta":{"jetpack_post_was_ever_published":false},"product_brand":[94],"product_cat":[60],"product_tag":[],"class_list":{"0":"post-25557","1":"product","2":"type-product","3":"status-publish","4":"has-post-thumbnail","6":"product_brand-sport_vision","7":"product_cat-djecije-cizme","9":"first","10":"instock","11":"sale","12":"shipping-taxable","13":"product-type-external"},"jetpack-related-posts":[],"jetpack_sharing_enabled":true,"_links":{"self":[{"href":"https:\/\/cipele.ba\/en\/wp-json\/wp\/v2\/product\/25557","targetHints":{"allow":["GET"]}}],"collection":[{"href":"https:\/\/cipele.ba\/en\/wp-json\/wp\/v2\/product"}],"about":[{"href":"https:\/\/cipele.ba\/en\/wp-json\/wp\/v2\/types\/product"}],"wp:featuredmedia":[{"embeddable":true,"href":"https:\/\/cipele.ba\/en\/wp-json\/wp\/v2\/media\/25556"}],"wp:attachment":[{"href":"https:\/\/cipele.ba\/en\/wp-json\/wp\/v2\/media?parent=25557"}],"wp:term":[{"taxonomy":"product_brand","embeddable":true,"href":"https:\/\/cipele.ba\/en\/wp-json\/wp\/v2\/product_brand?post=25557"},{"taxonomy":"product_cat","embeddable":true,"href":"https:\/\/cipele.ba\/en\/wp-json\/wp\/v2\/product_cat?post=25557"},{"taxonomy":"product_tag","embeddable":true,"href":"https:\/\/cipele.ba\/en\/wp-json\/wp\/v2\/product_tag?post=25557"}],"curies":[{"name":"wp","href":"https:\/\/api.w.org\/{rel}","templated":true}]}}