{"id":25560,"date":"2025-10-13T21:45:40","date_gmt":"2025-10-13T21:45:40","guid":{"rendered":"https:\/\/cipele.ba\/shop\/uncategorized\/kander-windy-3\/"},"modified":"2026-04-21T20:48:41","modified_gmt":"2026-04-21T20:48:41","slug":"kander-windy-3","status":"publish","type":"product","link":"https:\/\/cipele.ba\/en\/shop\/djeca\/djecije-cizme\/kander-windy-3\/","title":{"rendered":"Kander Windy"},"content":{"rendered":"<\/p>\n<p> Kander Windy outdoor patike za tinejd\u017eerke savr\u0161ene su za hajking i avanture na otvorenom. <\/p>\n<\/p>\n<p> <b> Detalji <\/b> <\/p>\n<li> Vodootporno gornji\u0161te <\/li>\n<li> Klasi\u010dne pertle <\/li>\n<li> Gumeni spoljni \u0111on <\/li>\n<li> Jezi\u010dci na peti i jeziku <\/li>","protected":false},"excerpt":{"rendered":"<p>Kander Windy outdoor patike za tinejd\u017eerke savr\u0161ene su za hajking i avanture na otvorenom. Detalji Vodootporno gornji\u0161te Klasi\u010dne pertle Gumeni spoljni \u0111on Jezi\u010dci na peti i jeziku<\/p>","protected":false},"featured_media":25558,"template":"","meta":{"jetpack_post_was_ever_published":false},"product_brand":[94],"product_cat":[60],"product_tag":[],"class_list":{"0":"post-25560","1":"product","2":"type-product","3":"status-publish","4":"has-post-thumbnail","6":"product_brand-sport_vision","7":"product_cat-djecije-cizme","9":"first","10":"instock","11":"sale","12":"shipping-taxable","13":"product-type-external"},"jetpack-related-posts":[],"jetpack_sharing_enabled":true,"_links":{"self":[{"href":"https:\/\/cipele.ba\/en\/wp-json\/wp\/v2\/product\/25560","targetHints":{"allow":["GET"]}}],"collection":[{"href":"https:\/\/cipele.ba\/en\/wp-json\/wp\/v2\/product"}],"about":[{"href":"https:\/\/cipele.ba\/en\/wp-json\/wp\/v2\/types\/product"}],"wp:featuredmedia":[{"embeddable":true,"href":"https:\/\/cipele.ba\/en\/wp-json\/wp\/v2\/media\/25558"}],"wp:attachment":[{"href":"https:\/\/cipele.ba\/en\/wp-json\/wp\/v2\/media?parent=25560"}],"wp:term":[{"taxonomy":"product_brand","embeddable":true,"href":"https:\/\/cipele.ba\/en\/wp-json\/wp\/v2\/product_brand?post=25560"},{"taxonomy":"product_cat","embeddable":true,"href":"https:\/\/cipele.ba\/en\/wp-json\/wp\/v2\/product_cat?post=25560"},{"taxonomy":"product_tag","embeddable":true,"href":"https:\/\/cipele.ba\/en\/wp-json\/wp\/v2\/product_tag?post=25560"}],"curies":[{"name":"wp","href":"https:\/\/api.w.org\/{rel}","templated":true}]}}