{"id":25561,"date":"2025-10-13T21:45:40","date_gmt":"2025-10-13T21:45:40","guid":{"rendered":"https:\/\/cipele.ba\/shop\/uncategorized\/kander-windy-4\/"},"modified":"2026-04-22T06:10:15","modified_gmt":"2026-04-22T06:10:15","slug":"kander-windy-4","status":"publish","type":"product","link":"https:\/\/cipele.ba\/en\/shop\/djeca\/djecije-cizme\/kander-windy-4\/","title":{"rendered":"Kander Windy"},"content":{"rendered":"<\/p>\n<p>Kander Windy dje\u010dije outdoor patike za djevoj\u010dice savr\u0161ene su za hajking i avanture.<\/p>\n<\/p>\n<p> <b> Detalji <\/b> <\/p>\n<li>Vodootporni dizajn moderne, multifunkcionalne strukture <\/li>\n<li> Udobne i pogodne za razli\u010dite aktivnosti na stazi <\/li>\n<li>Jezi\u010dci na peti i jezik za lako obuvanje i izuvanje<\/li>\n<li> Izdr\u017eljivi debeli gumeni \u0111on pru\u017ea vrhunsko prianjanje na svim povr\u0161inama <\/li>","protected":false},"excerpt":{"rendered":"<p>Kander Windy dje\u010dije outdoor patike za djevoj\u010dice savr\u0161ene su za hajking i avanture. Detalji Vodootporni dizajn moderne, multifunkcionalne strukture Udobne i pogodne za razli\u010dite aktivnosti na stazi Jezi\u010dci na peti i jezik za lako obuvanje i izuvanje Izdr\u017eljivi debeli gumeni \u0111on pru\u017ea vrhunsko prianjanje na svim povr\u0161inama<\/p>","protected":false},"featured_media":25559,"template":"","meta":{"jetpack_post_was_ever_published":false},"product_brand":[94],"product_cat":[60],"product_tag":[],"class_list":{"0":"post-25561","1":"product","2":"type-product","3":"status-publish","4":"has-post-thumbnail","6":"product_brand-sport_vision","7":"product_cat-djecije-cizme","9":"first","10":"instock","11":"sale","12":"shipping-taxable","13":"product-type-external"},"jetpack-related-posts":[],"jetpack_sharing_enabled":true,"_links":{"self":[{"href":"https:\/\/cipele.ba\/en\/wp-json\/wp\/v2\/product\/25561","targetHints":{"allow":["GET"]}}],"collection":[{"href":"https:\/\/cipele.ba\/en\/wp-json\/wp\/v2\/product"}],"about":[{"href":"https:\/\/cipele.ba\/en\/wp-json\/wp\/v2\/types\/product"}],"wp:featuredmedia":[{"embeddable":true,"href":"https:\/\/cipele.ba\/en\/wp-json\/wp\/v2\/media\/25559"}],"wp:attachment":[{"href":"https:\/\/cipele.ba\/en\/wp-json\/wp\/v2\/media?parent=25561"}],"wp:term":[{"taxonomy":"product_brand","embeddable":true,"href":"https:\/\/cipele.ba\/en\/wp-json\/wp\/v2\/product_brand?post=25561"},{"taxonomy":"product_cat","embeddable":true,"href":"https:\/\/cipele.ba\/en\/wp-json\/wp\/v2\/product_cat?post=25561"},{"taxonomy":"product_tag","embeddable":true,"href":"https:\/\/cipele.ba\/en\/wp-json\/wp\/v2\/product_tag?post=25561"}],"curies":[{"name":"wp","href":"https:\/\/api.w.org\/{rel}","templated":true}]}}