{"id":25565,"date":"2025-10-13T21:45:43","date_gmt":"2025-10-13T21:45:43","guid":{"rendered":"https:\/\/cipele.ba\/shop\/uncategorized\/kander-nobs-2\/"},"modified":"2026-04-18T12:49:17","modified_gmt":"2026-04-18T12:49:17","slug":"kander-nobs-2","status":"publish","type":"product","link":"https:\/\/cipele.ba\/en\/shop\/djeca\/djecije-cizme\/kander-nobs-2\/","title":{"rendered":"Kander Nobs"},"content":{"rendered":"<\/p>\n<p> Kander Nobs outdoor \u010dizme za dje\u010dake pru\u017eaju savr\u0161en balans fleksibilnosti i potpore. <\/p>\n<\/p>\n<p> <b> Detalji <\/b> <\/p>\n<li> Moderan vodootporni dizajn odr\u017eava stopala suvim i za\u0161ti\u0107enim u vla\u017enim uslovima <\/li>\n<li> Sistem brzog pertlanja omogu\u0107ava lako pode\u0161avanje <\/li>\n<li> Spoljni \u0111on pru\u017ea vrhunsko prianjanje na bilo kojoj podlozi <\/li>","protected":false},"excerpt":{"rendered":"<p>Kander Nobs outdoor \u010dizme za dje\u010dake pru\u017eaju savr\u0161en balans fleksibilnosti i potpore. Detalji Moderan vodootporni dizajn odr\u017eava stopala suvim i za\u0161ti\u0107enim u vla\u017enim uslovima Sistem brzog pertlanja omogu\u0107ava lako pode\u0161avanje Spoljni \u0111on pru\u017ea vrhunsko prianjanje na bilo kojoj podlozi<\/p>","protected":false},"featured_media":25564,"template":"","meta":{"jetpack_post_was_ever_published":false},"product_brand":[94],"product_cat":[60],"product_tag":[],"class_list":{"0":"post-25565","1":"product","2":"type-product","3":"status-publish","4":"has-post-thumbnail","6":"product_brand-sport_vision","7":"product_cat-djecije-cizme","9":"first","10":"instock","11":"sale","12":"shipping-taxable","13":"product-type-external"},"jetpack-related-posts":[],"jetpack_sharing_enabled":true,"_links":{"self":[{"href":"https:\/\/cipele.ba\/en\/wp-json\/wp\/v2\/product\/25565","targetHints":{"allow":["GET"]}}],"collection":[{"href":"https:\/\/cipele.ba\/en\/wp-json\/wp\/v2\/product"}],"about":[{"href":"https:\/\/cipele.ba\/en\/wp-json\/wp\/v2\/types\/product"}],"wp:featuredmedia":[{"embeddable":true,"href":"https:\/\/cipele.ba\/en\/wp-json\/wp\/v2\/media\/25564"}],"wp:attachment":[{"href":"https:\/\/cipele.ba\/en\/wp-json\/wp\/v2\/media?parent=25565"}],"wp:term":[{"taxonomy":"product_brand","embeddable":true,"href":"https:\/\/cipele.ba\/en\/wp-json\/wp\/v2\/product_brand?post=25565"},{"taxonomy":"product_cat","embeddable":true,"href":"https:\/\/cipele.ba\/en\/wp-json\/wp\/v2\/product_cat?post=25565"},{"taxonomy":"product_tag","embeddable":true,"href":"https:\/\/cipele.ba\/en\/wp-json\/wp\/v2\/product_tag?post=25565"}],"curies":[{"name":"wp","href":"https:\/\/api.w.org\/{rel}","templated":true}]}}