{"id":25574,"date":"2025-10-13T21:45:47","date_gmt":"2025-10-13T21:45:47","guid":{"rendered":"https:\/\/cipele.ba\/shop\/uncategorized\/kander-palmer\/"},"modified":"2026-04-19T12:29:01","modified_gmt":"2026-04-19T12:29:01","slug":"kander-palmer","status":"publish","type":"product","link":"https:\/\/cipele.ba\/en\/shop\/djeca\/djecije-cizme\/kander-palmer\/","title":{"rendered":"Kander Palmer"},"content":{"rendered":"<\/p>\n<p>Kander Palmer su dje\u010dije outdoor \u010dizme za bebe djevoj\u010dice koje su lagane, ali tople, \u0161to ih \u010dini savr\u0161enim za hladnije dane.<\/p>\n<\/p>\n<p> <b> Detalji <\/b> <\/p>\n<li>Sistem brzog pertlanja elasti\u010dnim pertlama za lako pode\u0161avanje <\/li>\n<li> \u010ci\u010dak-traka na gornjem dijelu za \u010dvrsto prianjanje <\/li>\n<li> Gumeni \u0111on pru\u017ea vrhunsko prianjanje na svakoj povr\u0161ini <\/li>\n<li> Vodootporne su zahvaljuju\u0107i vodootpornom sloju, koji odr\u017eava noge suvim u vla\u017enim uslovima <\/li>","protected":false},"excerpt":{"rendered":"<p>Kander Palmer su dje\u010dije outdoor \u010dizme za bebe djevoj\u010dice koje su lagane, ali tople, \u0161to ih \u010dini savr\u0161enim za hladnije dane. Detalji Sistem brzog pertlanja elasti\u010dnim pertlama za lako pode\u0161avanje \u010ci\u010dak-traka na gornjem dijelu za \u010dvrsto prianjanje Gumeni \u0111on pru\u017ea vrhunsko prianjanje na svakoj povr\u0161ini Vodootporne su zahvaljuju\u0107i vodootpornom sloju, koji odr\u017eava noge suvim u [&hellip;]<\/p>","protected":false},"featured_media":25572,"template":"","meta":{"jetpack_post_was_ever_published":false},"product_brand":[94],"product_cat":[60],"product_tag":[],"class_list":{"0":"post-25574","1":"product","2":"type-product","3":"status-publish","4":"has-post-thumbnail","6":"product_brand-sport_vision","7":"product_cat-djecije-cizme","9":"first","10":"instock","11":"sale","12":"shipping-taxable","13":"product-type-external"},"jetpack-related-posts":[],"jetpack_sharing_enabled":true,"_links":{"self":[{"href":"https:\/\/cipele.ba\/en\/wp-json\/wp\/v2\/product\/25574","targetHints":{"allow":["GET"]}}],"collection":[{"href":"https:\/\/cipele.ba\/en\/wp-json\/wp\/v2\/product"}],"about":[{"href":"https:\/\/cipele.ba\/en\/wp-json\/wp\/v2\/types\/product"}],"wp:featuredmedia":[{"embeddable":true,"href":"https:\/\/cipele.ba\/en\/wp-json\/wp\/v2\/media\/25572"}],"wp:attachment":[{"href":"https:\/\/cipele.ba\/en\/wp-json\/wp\/v2\/media?parent=25574"}],"wp:term":[{"taxonomy":"product_brand","embeddable":true,"href":"https:\/\/cipele.ba\/en\/wp-json\/wp\/v2\/product_brand?post=25574"},{"taxonomy":"product_cat","embeddable":true,"href":"https:\/\/cipele.ba\/en\/wp-json\/wp\/v2\/product_cat?post=25574"},{"taxonomy":"product_tag","embeddable":true,"href":"https:\/\/cipele.ba\/en\/wp-json\/wp\/v2\/product_tag?post=25574"}],"curies":[{"name":"wp","href":"https:\/\/api.w.org\/{rel}","templated":true}]}}