{"id":25596,"date":"2025-10-13T21:45:59","date_gmt":"2025-10-13T21:45:59","guid":{"rendered":"https:\/\/cipele.ba\/shop\/uncategorized\/adidas-trailmaker-3\/"},"modified":"2026-04-18T21:16:40","modified_gmt":"2026-04-18T21:16:40","slug":"adidas-trailmaker-3","status":"publish","type":"product","link":"https:\/\/cipele.ba\/en\/shop\/djeca\/djecije-cizme\/adidas-trailmaker-3\/","title":{"rendered":"adidas Trailmaker"},"content":{"rendered":"<\/p>\n<p> adidas Terrex Trailmaker su dje\u010dije patike za hajking srednje visine za laganu i vodootpornu za\u0161titu. Stopala kojima je udobno zna\u010de sre\u0107ne male istra\u017eiva\u010de. Povedite va\u0161u djecu na staze u ovim adidas patikama za hajking. <\/p>\n<\/p>\n<p> <b> DETALJI <\/b> <\/p>\n<li> Regular fit <\/li>\n<li> Pertlanje <\/li>\n<li> Gornji\u0161te od vodootpornog tekstila <\/li>\n<li> Lagani EVA srednji \u0111on pru\u017ea udobnost tokom cijelog dana <\/li>\n<li> TPU \u0161titnik za blato <\/li>\n<li> Traxion spoljni \u0111on <\/li>\n<li> Rain.Rdy tehnologija omogu\u0107ava da stopala ostanu suva i topla u vla\u017enim uslovima <\/li>","protected":false},"excerpt":{"rendered":"<p>adidas Terrex Trailmaker su dje\u010dije patike za hajking srednje visine za laganu i vodootpornu za\u0161titu. Stopala kojima je udobno zna\u010de sre\u0107ne male istra\u017eiva\u010de. Povedite va\u0161u djecu na staze u ovim adidas patikama za hajking. DETALJI Regular fit Pertlanje Gornji\u0161te od vodootpornog tekstila Lagani EVA srednji \u0111on pru\u017ea udobnost tokom cijelog dana TPU \u0161titnik za blato [&hellip;]<\/p>","protected":false},"featured_media":25594,"template":"","meta":{"jetpack_post_was_ever_published":false},"product_brand":[94],"product_cat":[60],"product_tag":[],"class_list":{"0":"post-25596","1":"product","2":"type-product","3":"status-publish","4":"has-post-thumbnail","6":"product_brand-sport_vision","7":"product_cat-djecije-cizme","9":"first","10":"instock","11":"shipping-taxable","12":"product-type-external"},"jetpack-related-posts":[],"jetpack_sharing_enabled":true,"_links":{"self":[{"href":"https:\/\/cipele.ba\/en\/wp-json\/wp\/v2\/product\/25596","targetHints":{"allow":["GET"]}}],"collection":[{"href":"https:\/\/cipele.ba\/en\/wp-json\/wp\/v2\/product"}],"about":[{"href":"https:\/\/cipele.ba\/en\/wp-json\/wp\/v2\/types\/product"}],"wp:featuredmedia":[{"embeddable":true,"href":"https:\/\/cipele.ba\/en\/wp-json\/wp\/v2\/media\/25594"}],"wp:attachment":[{"href":"https:\/\/cipele.ba\/en\/wp-json\/wp\/v2\/media?parent=25596"}],"wp:term":[{"taxonomy":"product_brand","embeddable":true,"href":"https:\/\/cipele.ba\/en\/wp-json\/wp\/v2\/product_brand?post=25596"},{"taxonomy":"product_cat","embeddable":true,"href":"https:\/\/cipele.ba\/en\/wp-json\/wp\/v2\/product_cat?post=25596"},{"taxonomy":"product_tag","embeddable":true,"href":"https:\/\/cipele.ba\/en\/wp-json\/wp\/v2\/product_tag?post=25596"}],"curies":[{"name":"wp","href":"https:\/\/api.w.org\/{rel}","templated":true}]}}