{"id":25603,"date":"2025-10-13T21:46:02","date_gmt":"2025-10-13T21:46:02","guid":{"rendered":"https:\/\/cipele.ba\/shop\/uncategorized\/adidas-terrex-2\/"},"modified":"2026-04-18T07:21:27","modified_gmt":"2026-04-18T07:21:27","slug":"adidas-terrex-2","status":"publish","type":"product","link":"https:\/\/cipele.ba\/en\/shop\/djeca\/djecije-cizme\/adidas-terrex-2\/","title":{"rendered":"adidas Terrex"},"content":{"rendered":"<\/p>\n<p> Skakanje po baricama je dio zabave. Kada staze postanu vla\u017ene, ove dje\u010dije adidas Terrex patike za hajking omogu\u0107avaju da im stopala budu suva i da im bude udobno. <\/p>\n<\/p>\n<p> <b> DETALJI <\/b> <\/p>\n<li> Regular fit <\/li>\n<li> Sistem brzog pertlanja <\/li>\n<li> Ripstop gornji\u0161te i oblikovani vrh <\/li>\n<li> Vodootporna, prozra\u010dna GORE-TEX membrana odbija vodu<\/li>\n<li> Adifit ulo\u017eak za mjerenje du\u017eine <\/li>\n<li> Lagana EVA amortizacija im omogu\u0107ava da udobno \u0161etaju <\/li>\n<li> Te\u017eina: 230 g <\/li>\n<li> Pad srednjeg \u0111ona: 8 mm (peta: 21 mm \/ prsti: 13 mm) <\/li>\n<li> Spoljni \u0111on od Continental\u2122 gume pru\u017ea vrhunsko prianjanje <b> ECO STORY <\/b> <\/li>\n<li> Ovaj proizvod je napravljen od 50% recikliranih materijala <\/li>","protected":false},"excerpt":{"rendered":"<p>Skakanje po baricama je dio zabave. Kada staze postanu vla\u017ene, ove dje\u010dije adidas Terrex patike za hajking omogu\u0107avaju da im stopala budu suva i da im bude udobno. DETALJI Regular fit Sistem brzog pertlanja Ripstop gornji\u0161te i oblikovani vrh Vodootporna, prozra\u010dna GORE-TEX membrana odbija vodu Adifit ulo\u017eak za mjerenje du\u017eine Lagana EVA amortizacija im omogu\u0107ava [&hellip;]<\/p>","protected":false},"featured_media":25599,"template":"","meta":{"jetpack_post_was_ever_published":false},"product_brand":[94],"product_cat":[60],"product_tag":[],"class_list":{"0":"post-25603","1":"product","2":"type-product","3":"status-publish","4":"has-post-thumbnail","6":"product_brand-sport_vision","7":"product_cat-djecije-cizme","9":"first","10":"instock","11":"shipping-taxable","12":"product-type-external"},"jetpack-related-posts":[],"jetpack_sharing_enabled":true,"_links":{"self":[{"href":"https:\/\/cipele.ba\/en\/wp-json\/wp\/v2\/product\/25603","targetHints":{"allow":["GET"]}}],"collection":[{"href":"https:\/\/cipele.ba\/en\/wp-json\/wp\/v2\/product"}],"about":[{"href":"https:\/\/cipele.ba\/en\/wp-json\/wp\/v2\/types\/product"}],"wp:featuredmedia":[{"embeddable":true,"href":"https:\/\/cipele.ba\/en\/wp-json\/wp\/v2\/media\/25599"}],"wp:attachment":[{"href":"https:\/\/cipele.ba\/en\/wp-json\/wp\/v2\/media?parent=25603"}],"wp:term":[{"taxonomy":"product_brand","embeddable":true,"href":"https:\/\/cipele.ba\/en\/wp-json\/wp\/v2\/product_brand?post=25603"},{"taxonomy":"product_cat","embeddable":true,"href":"https:\/\/cipele.ba\/en\/wp-json\/wp\/v2\/product_cat?post=25603"},{"taxonomy":"product_tag","embeddable":true,"href":"https:\/\/cipele.ba\/en\/wp-json\/wp\/v2\/product_tag?post=25603"}],"curies":[{"name":"wp","href":"https:\/\/api.w.org\/{rel}","templated":true}]}}