{"id":25624,"date":"2025-10-13T21:46:09","date_gmt":"2025-10-13T21:46:09","guid":{"rendered":"https:\/\/cipele.ba\/shop\/uncategorized\/kander-fogo-6\/"},"modified":"2026-04-21T15:32:22","modified_gmt":"2026-04-21T15:32:22","slug":"kander-fogo-6","status":"publish","type":"product","link":"https:\/\/cipele.ba\/en\/shop\/djeca\/djecije-cizme\/kander-fogo-6\/","title":{"rendered":"Kander FOGO"},"content":{"rendered":"<\/p>\n<p>KANDER FOGO su dje\u010dije patike za mla\u0111e djevoj\u010dice, pogodne za izlete ili planinarenje.<\/p>\n<p>Priroda je na\u0161e igrali\u0161te. Planinarske patike su razvijene kroz prizmu urbanog aktivnog na\u010dina \u017eivota. U\u017eivajte u avanturi sa ovim parom planinarskih patika. Model je moderne konstrukcije koja je multifunkcionalna, udobna i namijenjena za \u0161irok spektar aktivnosti na stazi. Posjeduju jezi\u010dak za petu koji olak\u0161ava obuvanje i izuvanje. Izdr\u017eljivi debeli gumeni \u0111on obezbje\u0111uje odli\u010dno prianjanje na sve podloge i daje sigurnost va\u0161em koraku. Zapertlajte ove funkcionalne KANDER patike poludubokog profila i ima\u0107ete najboljeg saveznika u savladavanju i najzahtjevnijih planinskih staza.<\/p>\n<p> Specifikacija: <\/p>\n<li> Dje\u010dije patike za djevoj\u010dice za planinarenje <\/li>\n<li>Vodootporan materijal<\/li>\n<li>Pertlanje<\/li>\n<li>Poludubok profil <\/li>\n<li>Jezi\u010dak za petu<\/li>\n<li>Gumeni \u0111on <\/li>","protected":false},"excerpt":{"rendered":"<p>KANDER FOGO su dje\u010dije patike za mla\u0111e djevoj\u010dice, pogodne za izlete ili planinarenje. Priroda je na\u0161e igrali\u0161te. Planinarske patike su razvijene kroz prizmu urbanog aktivnog na\u010dina \u017eivota. U\u017eivajte u avanturi sa ovim parom planinarskih patika. Model je moderne konstrukcije koja je multifunkcionalna, udobna i namijenjena za \u0161irok spektar aktivnosti na stazi. Posjeduju jezi\u010dak za petu [&hellip;]<\/p>","protected":false},"featured_media":25622,"template":"","meta":{"jetpack_post_was_ever_published":false},"product_brand":[94],"product_cat":[60],"product_tag":[],"class_list":{"0":"post-25624","1":"product","2":"type-product","3":"status-publish","4":"has-post-thumbnail","6":"product_brand-sport_vision","7":"product_cat-djecije-cizme","9":"first","10":"instock","11":"sale","12":"shipping-taxable","13":"product-type-external"},"jetpack-related-posts":[],"jetpack_sharing_enabled":true,"_links":{"self":[{"href":"https:\/\/cipele.ba\/en\/wp-json\/wp\/v2\/product\/25624","targetHints":{"allow":["GET"]}}],"collection":[{"href":"https:\/\/cipele.ba\/en\/wp-json\/wp\/v2\/product"}],"about":[{"href":"https:\/\/cipele.ba\/en\/wp-json\/wp\/v2\/types\/product"}],"wp:featuredmedia":[{"embeddable":true,"href":"https:\/\/cipele.ba\/en\/wp-json\/wp\/v2\/media\/25622"}],"wp:attachment":[{"href":"https:\/\/cipele.ba\/en\/wp-json\/wp\/v2\/media?parent=25624"}],"wp:term":[{"taxonomy":"product_brand","embeddable":true,"href":"https:\/\/cipele.ba\/en\/wp-json\/wp\/v2\/product_brand?post=25624"},{"taxonomy":"product_cat","embeddable":true,"href":"https:\/\/cipele.ba\/en\/wp-json\/wp\/v2\/product_cat?post=25624"},{"taxonomy":"product_tag","embeddable":true,"href":"https:\/\/cipele.ba\/en\/wp-json\/wp\/v2\/product_tag?post=25624"}],"curies":[{"name":"wp","href":"https:\/\/api.w.org\/{rel}","templated":true}]}}