{"id":25630,"date":"2025-10-13T21:46:10","date_gmt":"2025-10-13T21:46:10","guid":{"rendered":"https:\/\/cipele.ba\/shop\/uncategorized\/kander-fogo-8\/"},"modified":"2026-04-21T11:44:13","modified_gmt":"2026-04-21T11:44:13","slug":"kander-fogo-8","status":"publish","type":"product","link":"https:\/\/cipele.ba\/en\/shop\/djeca\/djecije-cizme\/kander-fogo-8\/","title":{"rendered":"Kander Fogo"},"content":{"rendered":"<\/p>\n<p> Kander Fogo outdoor \u010dizme za dje\u010dake predstavljaju savr\u0161enu kombinaciju pokretljivosti i stabilnosti. <\/p>\n<\/p>\n<p> <b> Detalji <\/b> <\/p>\n<li> Moderan vodootporni dizajn odr\u017eava stopala suvim i za\u0161ti\u0107enim u vla\u017enim uslovima <\/li>\n<li> Sistem brzog pertlanja elasti\u010dnim pertlama omogu\u0107ava lako pri\u010dvr\u0161\u0107ivanje <\/li>\n<li> \u010ci\u010dak-traka na gornjem dijelu garantuje \u010dvrsto prianjanje <\/li>\n<li> Struktura od filona i gume pru\u017ea izdr\u017eljivost i udobnost <\/li>","protected":false},"excerpt":{"rendered":"<p>Kander Fogo outdoor \u010dizme za dje\u010dake predstavljaju savr\u0161enu kombinaciju pokretljivosti i stabilnosti. Detalji Moderan vodootporni dizajn odr\u017eava stopala suvim i za\u0161ti\u0107enim u vla\u017enim uslovima Sistem brzog pertlanja elasti\u010dnim pertlama omogu\u0107ava lako pri\u010dvr\u0161\u0107ivanje \u010ci\u010dak-traka na gornjem dijelu garantuje \u010dvrsto prianjanje Struktura od filona i gume pru\u017ea izdr\u017eljivost i udobnost<\/p>","protected":false},"featured_media":25627,"template":"","meta":{"jetpack_post_was_ever_published":false},"product_brand":[94],"product_cat":[60],"product_tag":[],"class_list":{"0":"post-25630","1":"product","2":"type-product","3":"status-publish","4":"has-post-thumbnail","6":"product_brand-sport_vision","7":"product_cat-djecije-cizme","9":"first","10":"instock","11":"sale","12":"shipping-taxable","13":"product-type-external"},"jetpack-related-posts":[],"jetpack_sharing_enabled":true,"_links":{"self":[{"href":"https:\/\/cipele.ba\/en\/wp-json\/wp\/v2\/product\/25630","targetHints":{"allow":["GET"]}}],"collection":[{"href":"https:\/\/cipele.ba\/en\/wp-json\/wp\/v2\/product"}],"about":[{"href":"https:\/\/cipele.ba\/en\/wp-json\/wp\/v2\/types\/product"}],"wp:featuredmedia":[{"embeddable":true,"href":"https:\/\/cipele.ba\/en\/wp-json\/wp\/v2\/media\/25627"}],"wp:attachment":[{"href":"https:\/\/cipele.ba\/en\/wp-json\/wp\/v2\/media?parent=25630"}],"wp:term":[{"taxonomy":"product_brand","embeddable":true,"href":"https:\/\/cipele.ba\/en\/wp-json\/wp\/v2\/product_brand?post=25630"},{"taxonomy":"product_cat","embeddable":true,"href":"https:\/\/cipele.ba\/en\/wp-json\/wp\/v2\/product_cat?post=25630"},{"taxonomy":"product_tag","embeddable":true,"href":"https:\/\/cipele.ba\/en\/wp-json\/wp\/v2\/product_tag?post=25630"}],"curies":[{"name":"wp","href":"https:\/\/api.w.org\/{rel}","templated":true}]}}