{"id":25634,"date":"2025-10-13T21:46:12","date_gmt":"2025-10-13T21:46:12","guid":{"rendered":"https:\/\/cipele.ba\/shop\/uncategorized\/champion-mercur-gs\/"},"modified":"2026-04-19T02:10:54","modified_gmt":"2026-04-19T02:10:54","slug":"champion-mercur-gs","status":"publish","type":"product","link":"https:\/\/cipele.ba\/en\/shop\/djeca\/djecije-cizme\/champion-mercur-gs\/","title":{"rendered":"Champion Mercur GS"},"content":{"rendered":"<\/p>\n<p> Champion MERCUR PS su patike za djecu koje \u0107e omogu\u0107iti sigurne korake najmla\u0111im \u010dlanovima va\u0161e porodice. <\/p>\n<p> Ove patike bi\u0107e vjerni pratilac va\u0161e djevoj\u010dice bez obzira da li ide u \u0161kolu ili se igra sa drugaricama. Gornji dio napravljen je od mje\u0161avine mre\u017eastih materijala i izdr\u017eljivog poliuretana \u0161to omogu\u0107ava stabilnost i komfor. Kombinacija pertlanja i \u010di\u010dak trake omogu\u0107ava da stopalo va\u0161ih mali\u0161ana bude stabilno. Gumeni \u0111on u kombinaciji sa EVA pjenom omogu\u0107ava prijanjanje na svim podlogama. <\/p>\n<p> Specifikacija: <\/p>\n<li> Patike za djecu <\/li>\n<li> Gornji dio: 55% mre\u017easti materijal, 45% poliuretan <\/li>\n<li> Gumeni \u0111on <\/li>","protected":false},"excerpt":{"rendered":"<p>Champion MERCUR PS su patike za djecu koje \u0107e omogu\u0107iti sigurne korake najmla\u0111im \u010dlanovima va\u0161e porodice. Ove patike bi\u0107e vjerni pratilac va\u0161e djevoj\u010dice bez obzira da li ide u \u0161kolu ili se igra sa drugaricama. Gornji dio napravljen je od mje\u0161avine mre\u017eastih materijala i izdr\u017eljivog poliuretana \u0161to omogu\u0107ava stabilnost i komfor. Kombinacija pertlanja i \u010di\u010dak [&hellip;]<\/p>","protected":false},"featured_media":25633,"template":"","meta":{"jetpack_post_was_ever_published":false},"product_brand":[94],"product_cat":[60],"product_tag":[],"class_list":{"0":"post-25634","1":"product","2":"type-product","3":"status-publish","4":"has-post-thumbnail","6":"product_brand-sport_vision","7":"product_cat-djecije-cizme","9":"first","10":"instock","11":"sale","12":"shipping-taxable","13":"product-type-external"},"jetpack-related-posts":[],"jetpack_sharing_enabled":true,"_links":{"self":[{"href":"https:\/\/cipele.ba\/en\/wp-json\/wp\/v2\/product\/25634","targetHints":{"allow":["GET"]}}],"collection":[{"href":"https:\/\/cipele.ba\/en\/wp-json\/wp\/v2\/product"}],"about":[{"href":"https:\/\/cipele.ba\/en\/wp-json\/wp\/v2\/types\/product"}],"wp:featuredmedia":[{"embeddable":true,"href":"https:\/\/cipele.ba\/en\/wp-json\/wp\/v2\/media\/25633"}],"wp:attachment":[{"href":"https:\/\/cipele.ba\/en\/wp-json\/wp\/v2\/media?parent=25634"}],"wp:term":[{"taxonomy":"product_brand","embeddable":true,"href":"https:\/\/cipele.ba\/en\/wp-json\/wp\/v2\/product_brand?post=25634"},{"taxonomy":"product_cat","embeddable":true,"href":"https:\/\/cipele.ba\/en\/wp-json\/wp\/v2\/product_cat?post=25634"},{"taxonomy":"product_tag","embeddable":true,"href":"https:\/\/cipele.ba\/en\/wp-json\/wp\/v2\/product_tag?post=25634"}],"curies":[{"name":"wp","href":"https:\/\/api.w.org\/{rel}","templated":true}]}}