{"id":25639,"date":"2025-10-13T21:46:13","date_gmt":"2025-10-13T21:46:13","guid":{"rendered":"https:\/\/cipele.ba\/shop\/uncategorized\/adidas-terrex-trailmaker\/"},"modified":"2026-04-18T23:38:05","modified_gmt":"2026-04-18T23:38:05","slug":"adidas-terrex-trailmaker","status":"publish","type":"product","link":"https:\/\/cipele.ba\/en\/shop\/djeca\/djecije-cizme\/adidas-terrex-trailmaker\/","title":{"rendered":"adidas TERREX TRAILMAKER"},"content":{"rendered":"<\/p>\n<p> adidas TERREX TRAILMAKER su poluduboke dje\u010dije patike za planinarenje koje pru\u017eaju lagan osje\u0107aj i vodootpornu za\u0161titu.<\/p>\n<p> Udobnost na stopalima \u010dini male istra\u017eiva\u010de veselim. Povedite svog mali\u0161ana sa sobom na planinarenje u ovim adidas patikama. One donose lagan osje\u0107aj poput patika za tr\u010danje uz trajnu potporu i prianjanje za lako prela\u017eenje preko klizavih stijena i blata. RAIN.READY tehnologija \u010duva toplotu stopalima i osigurava suv osje\u0107aj u vla\u017enim uslovima, a polu-dubok profil \u0161titi od nepo\u017eeljnih kamen\u010di\u0107a. <\/p>\n<p> Specifikacija: <\/p>\n<li> Dje\u010dije patike za planinarenje <\/li>\n<li> Polu-dubok profil <\/li>\n<li> Pertlanje <\/li>\n<li> Vodootporno tekstilno gornji\u0161te <\/li>\n<li> Lagani srednji \u0111on <\/li>\n<li>RAIN.READY tehnologija <\/li>\n<li>Gumeni \u0111on <\/li>","protected":false},"excerpt":{"rendered":"<p>adidas TERREX TRAILMAKER su poluduboke dje\u010dije patike za planinarenje koje pru\u017eaju lagan osje\u0107aj i vodootpornu za\u0161titu. Udobnost na stopalima \u010dini male istra\u017eiva\u010de veselim. Povedite svog mali\u0161ana sa sobom na planinarenje u ovim adidas patikama. One donose lagan osje\u0107aj poput patika za tr\u010danje uz trajnu potporu i prianjanje za lako prela\u017eenje preko klizavih stijena i blata. [&hellip;]<\/p>","protected":false},"featured_media":25637,"template":"","meta":{"jetpack_post_was_ever_published":false},"product_brand":[94],"product_cat":[60],"product_tag":[],"class_list":{"0":"post-25639","1":"product","2":"type-product","3":"status-publish","4":"has-post-thumbnail","6":"product_brand-sport_vision","7":"product_cat-djecije-cizme","9":"first","10":"instock","11":"sale","12":"shipping-taxable","13":"product-type-external"},"jetpack-related-posts":[],"jetpack_sharing_enabled":true,"_links":{"self":[{"href":"https:\/\/cipele.ba\/en\/wp-json\/wp\/v2\/product\/25639","targetHints":{"allow":["GET"]}}],"collection":[{"href":"https:\/\/cipele.ba\/en\/wp-json\/wp\/v2\/product"}],"about":[{"href":"https:\/\/cipele.ba\/en\/wp-json\/wp\/v2\/types\/product"}],"wp:featuredmedia":[{"embeddable":true,"href":"https:\/\/cipele.ba\/en\/wp-json\/wp\/v2\/media\/25637"}],"wp:attachment":[{"href":"https:\/\/cipele.ba\/en\/wp-json\/wp\/v2\/media?parent=25639"}],"wp:term":[{"taxonomy":"product_brand","embeddable":true,"href":"https:\/\/cipele.ba\/en\/wp-json\/wp\/v2\/product_brand?post=25639"},{"taxonomy":"product_cat","embeddable":true,"href":"https:\/\/cipele.ba\/en\/wp-json\/wp\/v2\/product_cat?post=25639"},{"taxonomy":"product_tag","embeddable":true,"href":"https:\/\/cipele.ba\/en\/wp-json\/wp\/v2\/product_tag?post=25639"}],"curies":[{"name":"wp","href":"https:\/\/api.w.org\/{rel}","templated":true}]}}