{"id":25685,"date":"2025-10-13T21:46:30","date_gmt":"2025-10-13T21:46:30","guid":{"rendered":"https:\/\/cipele.ba\/shop\/uncategorized\/kander-ultar-2\/"},"modified":"2026-04-19T03:21:42","modified_gmt":"2026-04-19T03:21:42","slug":"kander-ultar-2","status":"publish","type":"product","link":"https:\/\/cipele.ba\/en\/shop\/djeca\/djecije-cizme\/kander-ultar-2\/","title":{"rendered":"Kander Ultar"},"content":{"rendered":"<p>KANDER Ultar su outdoor dje\u010dije duboke cipele za tinejd\u017eerke, idealne za prohladne dane.<\/p>\n<p>Odli\u010dan izbor za sve koji nisu navikli na klasi\u010dne modele obu\u0107e. Cipele su dubokog profila klasi\u010dnog pertlanja i KANDER logom koji jasno iskazuje va\u0161u ljubav prema ovom brendu. Mekani srednji \u0111on dodaje na udobnosti i pru\u017ea laganu amortizaciju, a tu je i jezi\u010dak za petu koji olak\u0161ava obuvanje i izuvanje ovih cipela. Izdr\u017eljivi gumeni \u0111on obezbje\u0111uje odli\u010dno prianjanje i daje sigurnost va\u0161em koraku. Zapertlajte ove moderne cipele i prepustite se novim tinejd\u017e avanturama koje donosi novi dan.<\/p>\n<p>Specifikacija:<\/p>\n<ul>\n<li>Outdoor dje\u010dije duboke cipele za tinejd\u017eerke<\/li>\n<li>Mekani srednji \u0111on<\/li>\n<li>Jezi\u010dak za petu<\/li>\n<li>KANDER logo<\/li>\n<li>Pertlanje<\/li>\n<li>Gumeni \u0111on\n<p>\u00a0<\/p>\n<\/li>\n<\/ul>","protected":false},"excerpt":{"rendered":"<p>KANDER Ultar su outdoor dje\u010dije duboke cipele za tinejd\u017eerke, idealne za prohladne dane. Odli\u010dan izbor za sve koji nisu navikli na klasi\u010dne modele obu\u0107e. Cipele su dubokog profila klasi\u010dnog pertlanja i KANDER logom koji jasno iskazuje va\u0161u ljubav prema ovom brendu. Mekani srednji \u0111on dodaje na udobnosti i pru\u017ea laganu amortizaciju, a tu je i [&hellip;]<\/p>","protected":false},"featured_media":25683,"template":"","meta":{"jetpack_post_was_ever_published":false},"product_brand":[94],"product_cat":[60],"product_tag":[],"class_list":{"0":"post-25685","1":"product","2":"type-product","3":"status-publish","4":"has-post-thumbnail","6":"product_brand-sport_vision","7":"product_cat-djecije-cizme","9":"first","10":"instock","11":"sale","12":"shipping-taxable","13":"product-type-external"},"jetpack-related-posts":[],"jetpack_sharing_enabled":true,"_links":{"self":[{"href":"https:\/\/cipele.ba\/en\/wp-json\/wp\/v2\/product\/25685","targetHints":{"allow":["GET"]}}],"collection":[{"href":"https:\/\/cipele.ba\/en\/wp-json\/wp\/v2\/product"}],"about":[{"href":"https:\/\/cipele.ba\/en\/wp-json\/wp\/v2\/types\/product"}],"wp:featuredmedia":[{"embeddable":true,"href":"https:\/\/cipele.ba\/en\/wp-json\/wp\/v2\/media\/25683"}],"wp:attachment":[{"href":"https:\/\/cipele.ba\/en\/wp-json\/wp\/v2\/media?parent=25685"}],"wp:term":[{"taxonomy":"product_brand","embeddable":true,"href":"https:\/\/cipele.ba\/en\/wp-json\/wp\/v2\/product_brand?post=25685"},{"taxonomy":"product_cat","embeddable":true,"href":"https:\/\/cipele.ba\/en\/wp-json\/wp\/v2\/product_cat?post=25685"},{"taxonomy":"product_tag","embeddable":true,"href":"https:\/\/cipele.ba\/en\/wp-json\/wp\/v2\/product_tag?post=25685"}],"curies":[{"name":"wp","href":"https:\/\/api.w.org\/{rel}","templated":true}]}}