{"id":25701,"date":"2025-10-13T21:46:35","date_gmt":"2025-10-13T21:46:35","guid":{"rendered":"https:\/\/cipele.ba\/shop\/uncategorized\/kander-ultar-6\/"},"modified":"2026-04-20T04:19:09","modified_gmt":"2026-04-20T04:19:09","slug":"kander-ultar-6","status":"publish","type":"product","link":"https:\/\/cipele.ba\/en\/shop\/djeca\/djecije-cizme\/kander-ultar-6\/","title":{"rendered":"Kander Ultar"},"content":{"rendered":"<p>KANDER Ultar su outdoor dje\u010dije duboke cipele za mla\u0111e dje\u010dake, idealne za prohladne dane.<\/p>\n<p>Odli\u010dan izbor za sve koji nisu navikli na klasi\u010dne modele obu\u0107e. Cipele su dubokog profila sa elasti\u010dnim pertlama i \u010di\u010dak trakom \u0161to znatno olak\u0161ava obuvanje i izuvanje i pobolj\u0161ava pristajanje. Srednji \u0111on od pjene dodaje na udobnosti i pru\u017ea laganu amortizaciju, a tu je i jezi\u010dak za petu. Izdr\u017eljivi gumeni \u0111on obezbje\u0111uje odli\u010dno prianjanje i daje sigurnost va\u0161em koraku. Zapertlajte ove moderne cipele i prepustite se novim dje\u010dijim avanturama koje donosi novi dan.<\/p>\n<p>Specifikacija:<\/p>\n<ul>\n<li>Outdoor dje\u010dije duboke cipele za mla\u0111e dje\u010dake<\/li>\n<li>Srednji \u0111on od pjene<\/li>\n<li>Jezi\u010dak za petu<\/li>\n<li>Elasti\u010dne pertle i \u010di\u010dak traka<\/li>\n<li>Gumeni \u0111on<\/li>\n<\/ul>","protected":false},"excerpt":{"rendered":"<p>KANDER Ultar su outdoor dje\u010dije duboke cipele za mla\u0111e dje\u010dake, idealne za prohladne dane. Odli\u010dan izbor za sve koji nisu navikli na klasi\u010dne modele obu\u0107e. Cipele su dubokog profila sa elasti\u010dnim pertlama i \u010di\u010dak trakom \u0161to znatno olak\u0161ava obuvanje i izuvanje i pobolj\u0161ava pristajanje. Srednji \u0111on od pjene dodaje na udobnosti i pru\u017ea laganu amortizaciju, [&hellip;]<\/p>","protected":false},"featured_media":25700,"template":"","meta":{"jetpack_post_was_ever_published":false},"product_brand":[94],"product_cat":[60],"product_tag":[],"class_list":{"0":"post-25701","1":"product","2":"type-product","3":"status-publish","4":"has-post-thumbnail","6":"product_brand-sport_vision","7":"product_cat-djecije-cizme","9":"first","10":"instock","11":"sale","12":"shipping-taxable","13":"product-type-external"},"jetpack-related-posts":[],"jetpack_sharing_enabled":true,"_links":{"self":[{"href":"https:\/\/cipele.ba\/en\/wp-json\/wp\/v2\/product\/25701","targetHints":{"allow":["GET"]}}],"collection":[{"href":"https:\/\/cipele.ba\/en\/wp-json\/wp\/v2\/product"}],"about":[{"href":"https:\/\/cipele.ba\/en\/wp-json\/wp\/v2\/types\/product"}],"wp:featuredmedia":[{"embeddable":true,"href":"https:\/\/cipele.ba\/en\/wp-json\/wp\/v2\/media\/25700"}],"wp:attachment":[{"href":"https:\/\/cipele.ba\/en\/wp-json\/wp\/v2\/media?parent=25701"}],"wp:term":[{"taxonomy":"product_brand","embeddable":true,"href":"https:\/\/cipele.ba\/en\/wp-json\/wp\/v2\/product_brand?post=25701"},{"taxonomy":"product_cat","embeddable":true,"href":"https:\/\/cipele.ba\/en\/wp-json\/wp\/v2\/product_cat?post=25701"},{"taxonomy":"product_tag","embeddable":true,"href":"https:\/\/cipele.ba\/en\/wp-json\/wp\/v2\/product_tag?post=25701"}],"curies":[{"name":"wp","href":"https:\/\/api.w.org\/{rel}","templated":true}]}}