{"id":25758,"date":"2025-10-13T21:46:57","date_gmt":"2025-10-13T21:46:57","guid":{"rendered":"https:\/\/cipele.ba\/shop\/uncategorized\/nike-manoa-ltr-2\/"},"modified":"2026-04-21T08:52:28","modified_gmt":"2026-04-21T08:52:28","slug":"nike-manoa-ltr-2","status":"publish","type":"product","link":"https:\/\/cipele.ba\/en\/shop\/djeca\/djecije-cizme\/nike-manoa-ltr-2\/","title":{"rendered":"Nike Manoa LTR"},"content":{"rendered":"<p>Nike MANOA YOUNGER KID\u2019S BOOT. NIKE LU su dje\u010dije duboke patike za uzrast od 4 do 10 godina, koje podsti\u010du njihov avanturisti\u010dki duh.<\/p>\n<p>Izra\u0111ene su od prirodne i sinteti\u010dke ko\u017ee, \u0161to ih \u010dini izdr\u017eljivim i lakim za odr\u017eavanje.<\/p>\n<p>Mekani jastu\u010di\u0107i \u010dine laganim svaki korak koji va\u0161e dijete napravi.<\/p>\n<p>Dubina patika \u0161titi zglobove tokom igre ili treninga.<\/p>\n<p>Gumeni \u0111on je izdr\u017eljiv i odli\u010dno prijanja na razli\u010ditim povr\u0161inama.<\/p>\n<p>Ove patike su odli\u010dan izbor za va\u0161e dijete tokom svih njihovih aktivnosti.<\/p>\n<p>SPECIFIKACIJA PROIZVODA:<\/p>\n<ul>\n<li>Dje\u010dije duboke patike<\/li>\n<li>Gornji dio patika: ko\u017ea i sinteti\u010dka ko\u017ea<\/li>\n<li>Gumeni \u0111on<\/li>\n<li>Vezivanje na pertle<\/li>\n<li>Prikazana boja: crna<\/li>\n<li>\u0160ifra proizvoda: BQ5373-001<\/li>\n<\/ul>","protected":false},"excerpt":{"rendered":"<p>Nike MANOA YOUNGER KID\u2019S BOOT. NIKE LU su dje\u010dije duboke patike za uzrast od 4 do 10 godina, koje podsti\u010du njihov avanturisti\u010dki duh. Izra\u0111ene su od prirodne i sinteti\u010dke ko\u017ee, \u0161to ih \u010dini izdr\u017eljivim i lakim za odr\u017eavanje. Mekani jastu\u010di\u0107i \u010dine laganim svaki korak koji va\u0161e dijete napravi. Dubina patika \u0161titi zglobove tokom igre ili [&hellip;]<\/p>","protected":false},"featured_media":25757,"template":"","meta":{"jetpack_post_was_ever_published":false},"product_brand":[94],"product_cat":[60],"product_tag":[],"class_list":{"0":"post-25758","1":"product","2":"type-product","3":"status-publish","4":"has-post-thumbnail","6":"product_brand-sport_vision","7":"product_cat-djecije-cizme","9":"first","10":"instock","11":"sale","12":"shipping-taxable","13":"product-type-external"},"jetpack-related-posts":[],"jetpack_sharing_enabled":true,"_links":{"self":[{"href":"https:\/\/cipele.ba\/en\/wp-json\/wp\/v2\/product\/25758","targetHints":{"allow":["GET"]}}],"collection":[{"href":"https:\/\/cipele.ba\/en\/wp-json\/wp\/v2\/product"}],"about":[{"href":"https:\/\/cipele.ba\/en\/wp-json\/wp\/v2\/types\/product"}],"wp:featuredmedia":[{"embeddable":true,"href":"https:\/\/cipele.ba\/en\/wp-json\/wp\/v2\/media\/25757"}],"wp:attachment":[{"href":"https:\/\/cipele.ba\/en\/wp-json\/wp\/v2\/media?parent=25758"}],"wp:term":[{"taxonomy":"product_brand","embeddable":true,"href":"https:\/\/cipele.ba\/en\/wp-json\/wp\/v2\/product_brand?post=25758"},{"taxonomy":"product_cat","embeddable":true,"href":"https:\/\/cipele.ba\/en\/wp-json\/wp\/v2\/product_cat?post=25758"},{"taxonomy":"product_tag","embeddable":true,"href":"https:\/\/cipele.ba\/en\/wp-json\/wp\/v2\/product_tag?post=25758"}],"curies":[{"name":"wp","href":"https:\/\/api.w.org\/{rel}","templated":true}]}}