{"id":25766,"date":"2025-10-13T21:47:04","date_gmt":"2025-10-13T21:47:04","guid":{"rendered":"https:\/\/cipele.ba\/shop\/uncategorized\/timberland-6-in-premium-wp-2\/"},"modified":"2026-04-18T14:25:15","modified_gmt":"2026-04-18T14:25:15","slug":"timberland-6-in-premium-wp-2","status":"publish","type":"product","link":"https:\/\/cipele.ba\/en\/shop\/djeca\/djecije-cizme\/timberland-6-in-premium-wp-2\/","title":{"rendered":"Timberland 6 IN Premium WP"},"content":{"rendered":"<\/p>\n<p> Timberland 6 INCH su poluduboke cipele za djevoj\u010dice i svakodnevno u\u017eivanje tokom zime. <\/p>\n<p> Neka njihova mala stopala u svakom trenutku budu zagrijana i orna za igru bez obzira na niske temperature i padavine. Gumeni \u0111on pru\u017ea sigurnost njihovom koraku i mo\u017eete biti sigurni da ne\u0107e biti proklizavanja. Gornji\u0161te je izra\u0111eno od ko\u017ee i vodootporne membrane. Zave\u017eite im pertle i krenite sa njima u narednu avanturu. <\/p>\n<p> Specifikacija: <\/p>\n<li> Cipele za djevoj\u010dice <\/li>\n<li> Poluduboki profil <\/li>\n<li> Gumeni \u0111on <\/li>\n<li> Timberland logotip <\/li>","protected":false},"excerpt":{"rendered":"<p>Timberland 6 INCH su poluduboke cipele za djevoj\u010dice i svakodnevno u\u017eivanje tokom zime. Neka njihova mala stopala u svakom trenutku budu zagrijana i orna za igru bez obzira na niske temperature i padavine. Gumeni \u0111on pru\u017ea sigurnost njihovom koraku i mo\u017eete biti sigurni da ne\u0107e biti proklizavanja. Gornji\u0161te je izra\u0111eno od ko\u017ee i vodootporne membrane. [&hellip;]<\/p>","protected":false},"featured_media":0,"template":"","meta":{"jetpack_post_was_ever_published":false},"product_brand":[94],"product_cat":[60],"product_tag":[],"class_list":{"0":"post-25766","1":"product","2":"type-product","3":"status-publish","5":"product_brand-sport_vision","6":"product_cat-djecije-cizme","8":"first","9":"instock","10":"sale","11":"shipping-taxable","12":"product-type-external"},"jetpack-related-posts":[],"jetpack_sharing_enabled":true,"_links":{"self":[{"href":"https:\/\/cipele.ba\/en\/wp-json\/wp\/v2\/product\/25766","targetHints":{"allow":["GET"]}}],"collection":[{"href":"https:\/\/cipele.ba\/en\/wp-json\/wp\/v2\/product"}],"about":[{"href":"https:\/\/cipele.ba\/en\/wp-json\/wp\/v2\/types\/product"}],"wp:attachment":[{"href":"https:\/\/cipele.ba\/en\/wp-json\/wp\/v2\/media?parent=25766"}],"wp:term":[{"taxonomy":"product_brand","embeddable":true,"href":"https:\/\/cipele.ba\/en\/wp-json\/wp\/v2\/product_brand?post=25766"},{"taxonomy":"product_cat","embeddable":true,"href":"https:\/\/cipele.ba\/en\/wp-json\/wp\/v2\/product_cat?post=25766"},{"taxonomy":"product_tag","embeddable":true,"href":"https:\/\/cipele.ba\/en\/wp-json\/wp\/v2\/product_tag?post=25766"}],"curies":[{"name":"wp","href":"https:\/\/api.w.org\/{rel}","templated":true}]}}