{"id":25789,"date":"2025-10-13T21:47:19","date_gmt":"2025-10-13T21:47:19","guid":{"rendered":"https:\/\/cipele.ba\/shop\/uncategorized\/kander-palmer-td\/"},"modified":"2026-04-21T18:59:20","modified_gmt":"2026-04-21T18:59:20","slug":"kander-palmer-td","status":"publish","type":"product","link":"https:\/\/cipele.ba\/en\/shop\/djeca\/djecije-cizme\/kander-palmer-td\/","title":{"rendered":"Kander PALMER TD"},"content":{"rendered":"<p>Kander Palmer dje\u010dije duboke \u010dizmice su savr\u0161en izbor za manju djecu tokom hladnijih i ki\u0161nih dana. Zahvaljuju\u0107i vodootpornoj konstrukciji i stabilnom dizajnu, pru\u017eaju sigurnost, toplinu i udobnost \u2013 idealne za igru na otvorenom bez brige o vremenskim uslovima.<br \/>Detalji:<\/p>\n<li> Vodootporna za\u0161tita \u2013 \u0161titi dje\u010dije stopalo od vlage, ki\u0161e i blata.<\/li>\n<li> Duboki model za stabilnost \u2013 pru\u017ea dodatnu podr\u0161ku i sigurnost pri hodu.<\/li>\n<li> Prakti\u010dan i udoban dizajn \u2013 lako se obuvaju, a mekana unutra\u0161njost osigurava prijatan osje\u0107aj tokom cijelog dana. <\/li>","protected":false},"excerpt":{"rendered":"<p>Kander Palmer dje\u010dije duboke \u010dizmice su savr\u0161en izbor za manju djecu tokom hladnijih i ki\u0161nih dana. Zahvaljuju\u0107i vodootpornoj konstrukciji i stabilnom dizajnu, pru\u017eaju sigurnost, toplinu i udobnost \u2013 idealne za igru na otvorenom bez brige o vremenskim uslovima.Detalji: Vodootporna za\u0161tita \u2013 \u0161titi dje\u010dije stopalo od vlage, ki\u0161e i blata. Duboki model za stabilnost \u2013 pru\u017ea [&hellip;]<\/p>","protected":false},"featured_media":25788,"template":"","meta":{"jetpack_post_was_ever_published":false},"product_brand":[94],"product_cat":[60],"product_tag":[],"class_list":{"0":"post-25789","1":"product","2":"type-product","3":"status-publish","4":"has-post-thumbnail","6":"product_brand-sport_vision","7":"product_cat-djecije-cizme","9":"first","10":"instock","11":"sale","12":"shipping-taxable","13":"product-type-external"},"jetpack-related-posts":[],"jetpack_sharing_enabled":true,"_links":{"self":[{"href":"https:\/\/cipele.ba\/en\/wp-json\/wp\/v2\/product\/25789","targetHints":{"allow":["GET"]}}],"collection":[{"href":"https:\/\/cipele.ba\/en\/wp-json\/wp\/v2\/product"}],"about":[{"href":"https:\/\/cipele.ba\/en\/wp-json\/wp\/v2\/types\/product"}],"wp:featuredmedia":[{"embeddable":true,"href":"https:\/\/cipele.ba\/en\/wp-json\/wp\/v2\/media\/25788"}],"wp:attachment":[{"href":"https:\/\/cipele.ba\/en\/wp-json\/wp\/v2\/media?parent=25789"}],"wp:term":[{"taxonomy":"product_brand","embeddable":true,"href":"https:\/\/cipele.ba\/en\/wp-json\/wp\/v2\/product_brand?post=25789"},{"taxonomy":"product_cat","embeddable":true,"href":"https:\/\/cipele.ba\/en\/wp-json\/wp\/v2\/product_cat?post=25789"},{"taxonomy":"product_tag","embeddable":true,"href":"https:\/\/cipele.ba\/en\/wp-json\/wp\/v2\/product_tag?post=25789"}],"curies":[{"name":"wp","href":"https:\/\/api.w.org\/{rel}","templated":true}]}}