{"id":25793,"date":"2025-10-13T21:47:20","date_gmt":"2025-10-13T21:47:20","guid":{"rendered":"https:\/\/cipele.ba\/shop\/uncategorized\/kander-anne-td\/"},"modified":"2026-04-21T20:09:35","modified_gmt":"2026-04-21T20:09:35","slug":"kander-anne-td","status":"publish","type":"product","link":"https:\/\/cipele.ba\/en\/shop\/djeca\/djecije-cizme\/kander-anne-td\/","title":{"rendered":"Kander ANNE TD"},"content":{"rendered":"<p>Kander Vinson dje\u010dije \u010dizme su pouzdan izbor za hladne, mokre i aktivne dane. Dizajnirane da izdr\u017ee sve vremenske uslove, ove vodootporne duboke \u010dizme pru\u017eaju za\u0161titu, stabilnost i udobnost za manju djecu u svakodnevnim avanturama na otvorenom.<br \/>Detalji:<\/p>\n<li> Vodootporna za\u0161tita \u2013 \u0161titi stopala od ki\u0161e, snijega i vlage, idealno za jesen i zimu.<\/li>\n<li> Duboki model za sigurnost \u2013 stabilan dizajn pru\u017ea dodatnu podr\u0161ku gle\u017enju i sigurnost pri hodu.<\/li>\n<li> Prakti\u010dne i izdr\u017eljive \u2013 lako se obuvaju, a robusna konstrukcija osigurava dugotrajnu upotrebu. <\/li>","protected":false},"excerpt":{"rendered":"<p>Kander Vinson dje\u010dije \u010dizme su pouzdan izbor za hladne, mokre i aktivne dane. Dizajnirane da izdr\u017ee sve vremenske uslove, ove vodootporne duboke \u010dizme pru\u017eaju za\u0161titu, stabilnost i udobnost za manju djecu u svakodnevnim avanturama na otvorenom.Detalji: Vodootporna za\u0161tita \u2013 \u0161titi stopala od ki\u0161e, snijega i vlage, idealno za jesen i zimu. Duboki model za sigurnost [&hellip;]<\/p>","protected":false},"featured_media":25791,"template":"","meta":{"jetpack_post_was_ever_published":false},"product_brand":[94],"product_cat":[60],"product_tag":[],"class_list":{"0":"post-25793","1":"product","2":"type-product","3":"status-publish","4":"has-post-thumbnail","6":"product_brand-sport_vision","7":"product_cat-djecije-cizme","9":"first","10":"instock","11":"sale","12":"shipping-taxable","13":"product-type-external"},"jetpack-related-posts":[],"jetpack_sharing_enabled":true,"_links":{"self":[{"href":"https:\/\/cipele.ba\/en\/wp-json\/wp\/v2\/product\/25793","targetHints":{"allow":["GET"]}}],"collection":[{"href":"https:\/\/cipele.ba\/en\/wp-json\/wp\/v2\/product"}],"about":[{"href":"https:\/\/cipele.ba\/en\/wp-json\/wp\/v2\/types\/product"}],"wp:featuredmedia":[{"embeddable":true,"href":"https:\/\/cipele.ba\/en\/wp-json\/wp\/v2\/media\/25791"}],"wp:attachment":[{"href":"https:\/\/cipele.ba\/en\/wp-json\/wp\/v2\/media?parent=25793"}],"wp:term":[{"taxonomy":"product_brand","embeddable":true,"href":"https:\/\/cipele.ba\/en\/wp-json\/wp\/v2\/product_brand?post=25793"},{"taxonomy":"product_cat","embeddable":true,"href":"https:\/\/cipele.ba\/en\/wp-json\/wp\/v2\/product_cat?post=25793"},{"taxonomy":"product_tag","embeddable":true,"href":"https:\/\/cipele.ba\/en\/wp-json\/wp\/v2\/product_tag?post=25793"}],"curies":[{"name":"wp","href":"https:\/\/api.w.org\/{rel}","templated":true}]}}