{"id":25795,"date":"2025-10-13T21:47:22","date_gmt":"2025-10-13T21:47:22","guid":{"rendered":"https:\/\/cipele.ba\/shop\/uncategorized\/kander-anne\/"},"modified":"2026-04-21T20:09:12","modified_gmt":"2026-04-21T20:09:12","slug":"kander-anne","status":"publish","type":"product","link":"https:\/\/cipele.ba\/en\/shop\/djeca\/djecije-cizme\/kander-anne\/","title":{"rendered":"Kander Anne"},"content":{"rendered":"","protected":false},"excerpt":{"rendered":"<\/p>\n<p> Mali istra\u017eiva\u010di \u0107e u\u017eivati u beskrajnoj zabavi u ovim Kronos Anne \u010dizmama za bebe. <\/p>\n<\/p>\n<p> <b> Detalji <\/b> <\/p>\n<li> <\/li>\n<li> Vodootporno gornji\u0161te <\/li>\n<li> Gumeni spoljni \u0111on <\/li>","protected":false},"featured_media":25794,"template":"","meta":{"jetpack_post_was_ever_published":false},"product_brand":[94],"product_cat":[60],"product_tag":[],"class_list":{"0":"post-25795","1":"product","2":"type-product","3":"status-publish","4":"has-post-thumbnail","6":"product_brand-sport_vision","7":"product_cat-djecije-cizme","9":"first","10":"instock","11":"sale","12":"shipping-taxable","13":"product-type-external"},"jetpack-related-posts":[],"jetpack_sharing_enabled":true,"_links":{"self":[{"href":"https:\/\/cipele.ba\/en\/wp-json\/wp\/v2\/product\/25795","targetHints":{"allow":["GET"]}}],"collection":[{"href":"https:\/\/cipele.ba\/en\/wp-json\/wp\/v2\/product"}],"about":[{"href":"https:\/\/cipele.ba\/en\/wp-json\/wp\/v2\/types\/product"}],"wp:featuredmedia":[{"embeddable":true,"href":"https:\/\/cipele.ba\/en\/wp-json\/wp\/v2\/media\/25794"}],"wp:attachment":[{"href":"https:\/\/cipele.ba\/en\/wp-json\/wp\/v2\/media?parent=25795"}],"wp:term":[{"taxonomy":"product_brand","embeddable":true,"href":"https:\/\/cipele.ba\/en\/wp-json\/wp\/v2\/product_brand?post=25795"},{"taxonomy":"product_cat","embeddable":true,"href":"https:\/\/cipele.ba\/en\/wp-json\/wp\/v2\/product_cat?post=25795"},{"taxonomy":"product_tag","embeddable":true,"href":"https:\/\/cipele.ba\/en\/wp-json\/wp\/v2\/product_tag?post=25795"}],"curies":[{"name":"wp","href":"https:\/\/api.w.org\/{rel}","templated":true}]}}