{"id":25807,"date":"2025-10-13T21:47:28","date_gmt":"2025-10-13T21:47:28","guid":{"rendered":"https:\/\/cipele.ba\/shop\/uncategorized\/moon-boot-icon-mini-nylon\/"},"modified":"2026-04-21T22:27:50","modified_gmt":"2026-04-21T22:27:50","slug":"moon-boot-icon-mini-nylon","status":"publish","type":"product","link":"https:\/\/cipele.ba\/en\/shop\/djeca\/djecije-cizme\/moon-boot-icon-mini-nylon\/","title":{"rendered":"Moon Boot Icon Mini Nylon"},"content":{"rendered":"<\/p>\n<p> Moon Boot Icon Mini model dje\u010dijih \u010dizama za de\u010dake ima napredne karakteristike originalnih Moon Boot \u010dizama iz 1969. godine, uklju\u010duju\u0107i efikasnu izolaciju, udobnu unutra\u0161njost i \u0111on sa odli\u010dnim prianjanjem. <\/p>\n<\/p>\n<p> <b> Detalji <\/b> <\/p>\n<li> Dizajn je upotpunjen vodootpornim karakteristikama i oja\u010danom petom <\/li>\n<li> Termoplasti\u010dni srednji \u0111on poznat je po svojoj izdr\u017eljivosti i sposobnosti da pru\u017ei odli\u010dnu amortizaciju <\/li>\n<li> Gumeni \u0111on pobolj\u0161ava trakciju i stabilnost na klizavim ili neravnim povr\u0161inama <\/li>\n<li> Podstava od pjene omogu\u0107ava da obu\u0107a bude udobna za no\u0161enje <\/li>","protected":false},"excerpt":{"rendered":"<p>Moon Boot Icon Mini model dje\u010dijih \u010dizama za de\u010dake ima napredne karakteristike originalnih Moon Boot \u010dizama iz 1969. godine, uklju\u010duju\u0107i efikasnu izolaciju, udobnu unutra\u0161njost i \u0111on sa odli\u010dnim prianjanjem. Detalji Dizajn je upotpunjen vodootpornim karakteristikama i oja\u010danom petom Termoplasti\u010dni srednji \u0111on poznat je po svojoj izdr\u017eljivosti i sposobnosti da pru\u017ei odli\u010dnu amortizaciju Gumeni \u0111on pobolj\u0161ava [&hellip;]<\/p>","protected":false},"featured_media":25805,"template":"","meta":{"jetpack_post_was_ever_published":false},"product_brand":[94],"product_cat":[60],"product_tag":[],"class_list":{"0":"post-25807","1":"product","2":"type-product","3":"status-publish","4":"has-post-thumbnail","6":"product_brand-sport_vision","7":"product_cat-djecije-cizme","9":"first","10":"instock","11":"sale","12":"shipping-taxable","13":"product-type-external"},"jetpack-related-posts":[],"jetpack_sharing_enabled":true,"_links":{"self":[{"href":"https:\/\/cipele.ba\/en\/wp-json\/wp\/v2\/product\/25807","targetHints":{"allow":["GET"]}}],"collection":[{"href":"https:\/\/cipele.ba\/en\/wp-json\/wp\/v2\/product"}],"about":[{"href":"https:\/\/cipele.ba\/en\/wp-json\/wp\/v2\/types\/product"}],"wp:featuredmedia":[{"embeddable":true,"href":"https:\/\/cipele.ba\/en\/wp-json\/wp\/v2\/media\/25805"}],"wp:attachment":[{"href":"https:\/\/cipele.ba\/en\/wp-json\/wp\/v2\/media?parent=25807"}],"wp:term":[{"taxonomy":"product_brand","embeddable":true,"href":"https:\/\/cipele.ba\/en\/wp-json\/wp\/v2\/product_brand?post=25807"},{"taxonomy":"product_cat","embeddable":true,"href":"https:\/\/cipele.ba\/en\/wp-json\/wp\/v2\/product_cat?post=25807"},{"taxonomy":"product_tag","embeddable":true,"href":"https:\/\/cipele.ba\/en\/wp-json\/wp\/v2\/product_tag?post=25807"}],"curies":[{"name":"wp","href":"https:\/\/api.w.org\/{rel}","templated":true}]}}