{"id":25814,"date":"2025-10-13T21:47:32","date_gmt":"2025-10-13T21:47:32","guid":{"rendered":"https:\/\/cipele.ba\/shop\/uncategorized\/nike-terrascout-3\/"},"modified":"2026-04-22T03:00:19","modified_gmt":"2026-04-22T03:00:19","slug":"nike-terrascout-3","status":"publish","type":"product","link":"https:\/\/cipele.ba\/en\/shop\/djeca\/djecije-cizme\/nike-terrascout-3\/","title":{"rendered":"Nike Terrascout"},"content":{"rendered":"<\/p>\n<p> Nike Terrascout dje\u010dije patike za dje\u010dake su napravljene za istra\u017eivanje po hladnom vremenu, sa robusnim gumenim potplatom za izdr\u017eljivu trakciju, udobnom postavom od flisa za toplinu i jezi\u010dcima za lako obuvanje. <\/p>\n<\/p>\n<p> <b> Detalji <\/b> <\/p>\n<li> Klasi\u010dne pertle <\/li>\n<li> Reflektiraju\u0107i detalji dizajna <\/li>","protected":false},"excerpt":{"rendered":"<p>Nike Terrascout dje\u010dije patike za dje\u010dake su napravljene za istra\u017eivanje po hladnom vremenu, sa robusnim gumenim potplatom za izdr\u017eljivu trakciju, udobnom postavom od flisa za toplinu i jezi\u010dcima za lako obuvanje. Detalji Klasi\u010dne pertle Reflektiraju\u0107i detalji dizajna<\/p>","protected":false},"featured_media":25811,"template":"","meta":{"jetpack_post_was_ever_published":false},"product_brand":[94],"product_cat":[60],"product_tag":[],"class_list":{"0":"post-25814","1":"product","2":"type-product","3":"status-publish","4":"has-post-thumbnail","6":"product_brand-sport_vision","7":"product_cat-djecije-cizme","9":"first","10":"instock","11":"sale","12":"shipping-taxable","13":"product-type-external"},"jetpack-related-posts":[],"jetpack_sharing_enabled":true,"_links":{"self":[{"href":"https:\/\/cipele.ba\/en\/wp-json\/wp\/v2\/product\/25814","targetHints":{"allow":["GET"]}}],"collection":[{"href":"https:\/\/cipele.ba\/en\/wp-json\/wp\/v2\/product"}],"about":[{"href":"https:\/\/cipele.ba\/en\/wp-json\/wp\/v2\/types\/product"}],"wp:featuredmedia":[{"embeddable":true,"href":"https:\/\/cipele.ba\/en\/wp-json\/wp\/v2\/media\/25811"}],"wp:attachment":[{"href":"https:\/\/cipele.ba\/en\/wp-json\/wp\/v2\/media?parent=25814"}],"wp:term":[{"taxonomy":"product_brand","embeddable":true,"href":"https:\/\/cipele.ba\/en\/wp-json\/wp\/v2\/product_brand?post=25814"},{"taxonomy":"product_cat","embeddable":true,"href":"https:\/\/cipele.ba\/en\/wp-json\/wp\/v2\/product_cat?post=25814"},{"taxonomy":"product_tag","embeddable":true,"href":"https:\/\/cipele.ba\/en\/wp-json\/wp\/v2\/product_tag?post=25814"}],"curies":[{"name":"wp","href":"https:\/\/api.w.org\/{rel}","templated":true}]}}