{"id":25815,"date":"2025-10-13T21:47:32","date_gmt":"2025-10-13T21:47:32","guid":{"rendered":"https:\/\/cipele.ba\/shop\/uncategorized\/kander-norin-2\/"},"modified":"2026-04-21T18:59:12","modified_gmt":"2026-04-21T18:59:12","slug":"kander-norin-2","status":"publish","type":"product","link":"https:\/\/cipele.ba\/en\/shop\/djeca\/djecije-cizme\/kander-norin-2\/","title":{"rendered":"Kander Norin"},"content":{"rendered":"<\/p>\n<p>Kander Norin dje\u010dije outdoor \u010dizme za mla\u0111e djevoj\u010dice dizajnirane su za sve avanture na otvorenom.<\/p>\n<\/p>\n<p> <b> Detalji <\/b> <\/p>\n<li>Podesivi kai\u0161 preko pertli za \u010dvrsto prianjanje i ve\u0107u udobnost <\/li>\n<li> Od poliuretana sa vodoodbojnim slojem koji odr\u017eava noge suvim <\/li>\n<li> Jezi\u010dak na peti za lako obuvanje i izuvanje <\/li>\n<li> Gumeni \u0111on pru\u017ea vrhunsko prianjanje na svim povr\u0161inama <\/li>","protected":false},"excerpt":{"rendered":"<p>Kander Norin dje\u010dije outdoor \u010dizme za mla\u0111e djevoj\u010dice dizajnirane su za sve avanture na otvorenom. Detalji Podesivi kai\u0161 preko pertli za \u010dvrsto prianjanje i ve\u0107u udobnost Od poliuretana sa vodoodbojnim slojem koji odr\u017eava noge suvim Jezi\u010dak na peti za lako obuvanje i izuvanje Gumeni \u0111on pru\u017ea vrhunsko prianjanje na svim povr\u0161inama<\/p>","protected":false},"featured_media":25813,"template":"","meta":{"jetpack_post_was_ever_published":false},"product_brand":[94],"product_cat":[60],"product_tag":[],"class_list":{"0":"post-25815","1":"product","2":"type-product","3":"status-publish","4":"has-post-thumbnail","6":"product_brand-sport_vision","7":"product_cat-djecije-cizme","9":"first","10":"instock","11":"sale","12":"shipping-taxable","13":"product-type-external"},"jetpack-related-posts":[],"jetpack_sharing_enabled":true,"_links":{"self":[{"href":"https:\/\/cipele.ba\/en\/wp-json\/wp\/v2\/product\/25815","targetHints":{"allow":["GET"]}}],"collection":[{"href":"https:\/\/cipele.ba\/en\/wp-json\/wp\/v2\/product"}],"about":[{"href":"https:\/\/cipele.ba\/en\/wp-json\/wp\/v2\/types\/product"}],"wp:featuredmedia":[{"embeddable":true,"href":"https:\/\/cipele.ba\/en\/wp-json\/wp\/v2\/media\/25813"}],"wp:attachment":[{"href":"https:\/\/cipele.ba\/en\/wp-json\/wp\/v2\/media?parent=25815"}],"wp:term":[{"taxonomy":"product_brand","embeddable":true,"href":"https:\/\/cipele.ba\/en\/wp-json\/wp\/v2\/product_brand?post=25815"},{"taxonomy":"product_cat","embeddable":true,"href":"https:\/\/cipele.ba\/en\/wp-json\/wp\/v2\/product_cat?post=25815"},{"taxonomy":"product_tag","embeddable":true,"href":"https:\/\/cipele.ba\/en\/wp-json\/wp\/v2\/product_tag?post=25815"}],"curies":[{"name":"wp","href":"https:\/\/api.w.org\/{rel}","templated":true}]}}