{"id":25820,"date":"2025-10-13T21:47:35","date_gmt":"2025-10-13T21:47:35","guid":{"rendered":"https:\/\/cipele.ba\/shop\/uncategorized\/skechers-rugged-ranger-stor\/"},"modified":"2026-04-18T18:37:48","modified_gmt":"2026-04-18T18:37:48","slug":"skechers-rugged-ranger-stor","status":"publish","type":"product","link":"https:\/\/cipele.ba\/en\/shop\/djeca\/djecije-cizme\/skechers-rugged-ranger-stor\/","title":{"rendered":"Skechers RUGGED RANGER &#8211; STOR"},"content":{"rendered":"<p>Rugged Ranger \u2013 Storm Trail dje\u010dije duboke patike su idealne za male istra\u017eiva\u010de koji ne biraju vremenske uslove. Zahvaljuju\u0107i vodootpornoj konstrukciji i robusnom dizajnu, pru\u017eaju sigurnost, udobnost i za\u0161titu tokom svih vanjskih aktivnosti.<br \/>Detalji:<\/p>\n<li> Vodootporna za\u0161tita \u2013 \u0161titi dje\u010dije stopalo od ki\u0161e, blata i vlage.<\/li>\n<li> Duboki model za stabilnost \u2013 dodatna podr\u0161ka gle\u017enju za sigurno kretanje po neravnom terenu.<\/li>\n<li> Izdr\u017eljivost i udobnost \u2013 \u010dvrsta izrada uz udoban unutra\u0161nji sloj za cjelodnevno no\u0161enje. <\/li>","protected":false},"excerpt":{"rendered":"<p>Rugged Ranger \u2013 Storm Trail dje\u010dije duboke patike su idealne za male istra\u017eiva\u010de koji ne biraju vremenske uslove. Zahvaljuju\u0107i vodootpornoj konstrukciji i robusnom dizajnu, pru\u017eaju sigurnost, udobnost i za\u0161titu tokom svih vanjskih aktivnosti.Detalji: Vodootporna za\u0161tita \u2013 \u0161titi dje\u010dije stopalo od ki\u0161e, blata i vlage. Duboki model za stabilnost \u2013 dodatna podr\u0161ka gle\u017enju za sigurno kretanje [&hellip;]<\/p>","protected":false},"featured_media":25817,"template":"","meta":{"jetpack_post_was_ever_published":false},"product_brand":[94],"product_cat":[60],"product_tag":[],"class_list":{"0":"post-25820","1":"product","2":"type-product","3":"status-publish","4":"has-post-thumbnail","6":"product_brand-sport_vision","7":"product_cat-djecije-cizme","9":"first","10":"instock","11":"sale","12":"shipping-taxable","13":"product-type-external"},"jetpack-related-posts":[],"jetpack_sharing_enabled":true,"_links":{"self":[{"href":"https:\/\/cipele.ba\/en\/wp-json\/wp\/v2\/product\/25820","targetHints":{"allow":["GET"]}}],"collection":[{"href":"https:\/\/cipele.ba\/en\/wp-json\/wp\/v2\/product"}],"about":[{"href":"https:\/\/cipele.ba\/en\/wp-json\/wp\/v2\/types\/product"}],"wp:featuredmedia":[{"embeddable":true,"href":"https:\/\/cipele.ba\/en\/wp-json\/wp\/v2\/media\/25817"}],"wp:attachment":[{"href":"https:\/\/cipele.ba\/en\/wp-json\/wp\/v2\/media?parent=25820"}],"wp:term":[{"taxonomy":"product_brand","embeddable":true,"href":"https:\/\/cipele.ba\/en\/wp-json\/wp\/v2\/product_brand?post=25820"},{"taxonomy":"product_cat","embeddable":true,"href":"https:\/\/cipele.ba\/en\/wp-json\/wp\/v2\/product_cat?post=25820"},{"taxonomy":"product_tag","embeddable":true,"href":"https:\/\/cipele.ba\/en\/wp-json\/wp\/v2\/product_tag?post=25820"}],"curies":[{"name":"wp","href":"https:\/\/api.w.org\/{rel}","templated":true}]}}