{"id":25821,"date":"2025-10-13T21:47:35","date_gmt":"2025-10-13T21:47:35","guid":{"rendered":"https:\/\/cipele.ba\/shop\/uncategorized\/kander-elbrus\/"},"modified":"2026-04-18T21:46:19","modified_gmt":"2026-04-18T21:46:19","slug":"kander-elbrus","status":"publish","type":"product","link":"https:\/\/cipele.ba\/en\/shop\/djeca\/djecije-cizme\/kander-elbrus\/","title":{"rendered":"Kander Elbrus"},"content":{"rendered":"<\/p>\n<p>Kander Elbrusa su dje\u010dije \u010dizme za hajking za mla\u0111e djevoj\u010dice koje su lagane, ali tople, \u0161to ih \u010dini idealnim za hladnije dane.<\/p>\n<\/p>\n<p> <b> Detalji <\/b> <\/p>\n<li>Optimalna udobnost za hajking i aktivnosti na otvorenom <\/li>\n<li> Vodootporni sloj odr\u017eava stopala suvim <\/li>\n<li> Podesive pertle za prilago\u0111avanje <\/li>\n<li> Gumeni \u0111on pru\u017ea vrhunsko prianjanje i stabilnost <\/li>","protected":false},"excerpt":{"rendered":"<p>Kander Elbrusa su dje\u010dije \u010dizme za hajking za mla\u0111e djevoj\u010dice koje su lagane, ali tople, \u0161to ih \u010dini idealnim za hladnije dane. Detalji Optimalna udobnost za hajking i aktivnosti na otvorenom Vodootporni sloj odr\u017eava stopala suvim Podesive pertle za prilago\u0111avanje Gumeni \u0111on pru\u017ea vrhunsko prianjanje i stabilnost<\/p>","protected":false},"featured_media":25819,"template":"","meta":{"jetpack_post_was_ever_published":false},"product_brand":[94],"product_cat":[60],"product_tag":[],"class_list":{"0":"post-25821","1":"product","2":"type-product","3":"status-publish","4":"has-post-thumbnail","6":"product_brand-sport_vision","7":"product_cat-djecije-cizme","9":"first","10":"instock","11":"sale","12":"shipping-taxable","13":"product-type-external"},"jetpack-related-posts":[],"jetpack_sharing_enabled":true,"_links":{"self":[{"href":"https:\/\/cipele.ba\/en\/wp-json\/wp\/v2\/product\/25821","targetHints":{"allow":["GET"]}}],"collection":[{"href":"https:\/\/cipele.ba\/en\/wp-json\/wp\/v2\/product"}],"about":[{"href":"https:\/\/cipele.ba\/en\/wp-json\/wp\/v2\/types\/product"}],"wp:featuredmedia":[{"embeddable":true,"href":"https:\/\/cipele.ba\/en\/wp-json\/wp\/v2\/media\/25819"}],"wp:attachment":[{"href":"https:\/\/cipele.ba\/en\/wp-json\/wp\/v2\/media?parent=25821"}],"wp:term":[{"taxonomy":"product_brand","embeddable":true,"href":"https:\/\/cipele.ba\/en\/wp-json\/wp\/v2\/product_brand?post=25821"},{"taxonomy":"product_cat","embeddable":true,"href":"https:\/\/cipele.ba\/en\/wp-json\/wp\/v2\/product_cat?post=25821"},{"taxonomy":"product_tag","embeddable":true,"href":"https:\/\/cipele.ba\/en\/wp-json\/wp\/v2\/product_tag?post=25821"}],"curies":[{"name":"wp","href":"https:\/\/api.w.org\/{rel}","templated":true}]}}