{"id":25827,"date":"2025-10-13T21:47:38","date_gmt":"2025-10-13T21:47:38","guid":{"rendered":"https:\/\/cipele.ba\/shop\/uncategorized\/adidas-minnie-i\/"},"modified":"2026-04-19T13:17:53","modified_gmt":"2026-04-19T13:17:53","slug":"adidas-minnie-i","status":"publish","type":"product","link":"https:\/\/cipele.ba\/en\/shop\/djeca\/djecije-cizme\/adidas-minnie-i\/","title":{"rendered":"adidas Minnie I"},"content":{"rendered":"<\/p>\n<p> Ove adidas Minnie I monofit patike pru\u017eaju udobnost i toplotu malim stopalima, dok Disney grafike unose zabavu u svaki izlazak. Ove patike se mogu nositi na oba stopala, tako da djeca mogu sama da se obuju. <\/p>\n<\/p>\n<p> <b> DETALJI <\/b> <\/p>\n<li> Regular fit <\/li>\n<li> Slip-on konstrukcija <\/li>\n<li> Gornji\u0161te od vodootpornog tekstila i bez \u0161avova je pogodno za sve vremenske uslove <\/li>\n<li> Izolovano gazi\u0161te i postava od flisa <\/li>\n<li> Simetri\u010dne patike odgovaraju i lijevom i desnom stopalu <\/li>\n<li> EVA jastu\u010di\u0107i pru\u017eaju responzivnu udobnost <\/li>\n<li> \u00a9Disney <b> ECO STORY <\/b> <\/li>\n<li> Ovaj proizvod sadr\u017ei najmanje 20% recikliranih materijala <\/li>","protected":false},"excerpt":{"rendered":"<p>Ove adidas Minnie I monofit patike pru\u017eaju udobnost i toplotu malim stopalima, dok Disney grafike unose zabavu u svaki izlazak. Ove patike se mogu nositi na oba stopala, tako da djeca mogu sama da se obuju. DETALJI Regular fit Slip-on konstrukcija Gornji\u0161te od vodootpornog tekstila i bez \u0161avova je pogodno za sve vremenske uslove Izolovano [&hellip;]<\/p>","protected":false},"featured_media":25825,"template":"","meta":{"jetpack_post_was_ever_published":false},"product_brand":[94],"product_cat":[60],"product_tag":[],"class_list":{"0":"post-25827","1":"product","2":"type-product","3":"status-publish","4":"has-post-thumbnail","6":"product_brand-sport_vision","7":"product_cat-djecije-cizme","9":"first","10":"instock","11":"sale","12":"shipping-taxable","13":"product-type-external"},"jetpack-related-posts":[],"jetpack_sharing_enabled":true,"_links":{"self":[{"href":"https:\/\/cipele.ba\/en\/wp-json\/wp\/v2\/product\/25827","targetHints":{"allow":["GET"]}}],"collection":[{"href":"https:\/\/cipele.ba\/en\/wp-json\/wp\/v2\/product"}],"about":[{"href":"https:\/\/cipele.ba\/en\/wp-json\/wp\/v2\/types\/product"}],"wp:featuredmedia":[{"embeddable":true,"href":"https:\/\/cipele.ba\/en\/wp-json\/wp\/v2\/media\/25825"}],"wp:attachment":[{"href":"https:\/\/cipele.ba\/en\/wp-json\/wp\/v2\/media?parent=25827"}],"wp:term":[{"taxonomy":"product_brand","embeddable":true,"href":"https:\/\/cipele.ba\/en\/wp-json\/wp\/v2\/product_brand?post=25827"},{"taxonomy":"product_cat","embeddable":true,"href":"https:\/\/cipele.ba\/en\/wp-json\/wp\/v2\/product_cat?post=25827"},{"taxonomy":"product_tag","embeddable":true,"href":"https:\/\/cipele.ba\/en\/wp-json\/wp\/v2\/product_tag?post=25827"}],"curies":[{"name":"wp","href":"https:\/\/api.w.org\/{rel}","templated":true}]}}