{"id":25829,"date":"2025-10-13T21:47:40","date_gmt":"2025-10-13T21:47:40","guid":{"rendered":"https:\/\/cipele.ba\/shop\/uncategorized\/adidas-mickey-i\/"},"modified":"2026-04-18T09:34:01","modified_gmt":"2026-04-18T09:34:01","slug":"adidas-mickey-i","status":"publish","type":"product","link":"https:\/\/cipele.ba\/en\/shop\/djeca\/djecije-cizme\/adidas-mickey-i\/","title":{"rendered":"adidas Mickey I"},"content":{"rendered":"<\/p>\n<p> Mali istra\u017eiva\u010di \u0107e u\u017eivati u beskrajnoj zabavi u ovim adidas Mickey I monofit patikama za bebe. Simetri\u010dni dizajn zna\u010di da ne postoji pogre\u0161na noga, tako da mali\u0161ani mogu da ih obuvaju i izuvaju sa samopouzdanjem. <\/p>\n<\/p>\n<p> <b> DETALJI <\/b> <\/p>\n<li> Regular fit <\/li>\n<li> Slip-on konstrukcija <\/li>\n<li> Gornji\u0161te od vodootpornog tekstila i bez \u0161avova je pogodno za sve vremenske uslove <\/li>\n<li> Izolovano gazi\u0161te i postava od flisa <\/li>\n<li> Simetri\u010dne patike odgovaraju i lijevom i desnom stopalu <\/li>\n<li> EVA jastu\u010di\u0107i pru\u017eaju responzivnu udobnost <\/li>\n<li> \u00a9Disney <b> ECO STORY <\/b> <\/li>\n<li> Ovaj proizvod sadr\u017ei najmanje 20% recikliranih materijala <\/li>","protected":false},"excerpt":{"rendered":"<p>Mali istra\u017eiva\u010di \u0107e u\u017eivati u beskrajnoj zabavi u ovim adidas Mickey I monofit patikama za bebe. Simetri\u010dni dizajn zna\u010di da ne postoji pogre\u0161na noga, tako da mali\u0161ani mogu da ih obuvaju i izuvaju sa samopouzdanjem. DETALJI Regular fit Slip-on konstrukcija Gornji\u0161te od vodootpornog tekstila i bez \u0161avova je pogodno za sve vremenske uslove Izolovano gazi\u0161te [&hellip;]<\/p>","protected":false},"featured_media":25828,"template":"","meta":{"jetpack_post_was_ever_published":false},"product_brand":[94],"product_cat":[60],"product_tag":[],"class_list":{"0":"post-25829","1":"product","2":"type-product","3":"status-publish","4":"has-post-thumbnail","6":"product_brand-sport_vision","7":"product_cat-djecije-cizme","9":"first","10":"instock","11":"sale","12":"shipping-taxable","13":"product-type-external"},"jetpack-related-posts":[],"jetpack_sharing_enabled":true,"_links":{"self":[{"href":"https:\/\/cipele.ba\/en\/wp-json\/wp\/v2\/product\/25829","targetHints":{"allow":["GET"]}}],"collection":[{"href":"https:\/\/cipele.ba\/en\/wp-json\/wp\/v2\/product"}],"about":[{"href":"https:\/\/cipele.ba\/en\/wp-json\/wp\/v2\/types\/product"}],"wp:featuredmedia":[{"embeddable":true,"href":"https:\/\/cipele.ba\/en\/wp-json\/wp\/v2\/media\/25828"}],"wp:attachment":[{"href":"https:\/\/cipele.ba\/en\/wp-json\/wp\/v2\/media?parent=25829"}],"wp:term":[{"taxonomy":"product_brand","embeddable":true,"href":"https:\/\/cipele.ba\/en\/wp-json\/wp\/v2\/product_brand?post=25829"},{"taxonomy":"product_cat","embeddable":true,"href":"https:\/\/cipele.ba\/en\/wp-json\/wp\/v2\/product_cat?post=25829"},{"taxonomy":"product_tag","embeddable":true,"href":"https:\/\/cipele.ba\/en\/wp-json\/wp\/v2\/product_tag?post=25829"}],"curies":[{"name":"wp","href":"https:\/\/api.w.org\/{rel}","templated":true}]}}