{"id":25837,"date":"2025-10-13T21:47:44","date_gmt":"2025-10-13T21:47:44","guid":{"rendered":"https:\/\/cipele.ba\/shop\/uncategorized\/champion-veto-ps\/"},"modified":"2026-04-19T02:20:52","modified_gmt":"2026-04-19T02:20:52","slug":"champion-veto-ps","status":"publish","type":"product","link":"https:\/\/cipele.ba\/en\/shop\/djeca\/djecije-cizme\/champion-veto-ps\/","title":{"rendered":"Champion Veto PS"},"content":{"rendered":"<\/p>\n<p> Champion VETO PS su patike za djecu koje \u0107e omogu\u0107iti sigurne korake najmla\u0111im \u010dlanovima va\u0161e porodice. <\/p>\n<p> Gornji dio napravljen je od mje\u0161avine najlona i poliuretana koja omogu\u0107ava stabilnost i komfor. Kombinacija pertlanja i \u010di\u010dak trake omogu\u0107ava da stopalo va\u0161e djevoj\u010dice bude stabilno. Gumeni \u0111on omogu\u0107ava prijanjanje na svim podlogama. Champion logo govori o pripadnosti brendu od najmla\u0111ih dana. <\/p>\n<p> Specifikacija: <\/p>\n<li> Patike za djecu <\/li>\n<li> Gornji deo: 61% najlon, 39% poliuretan <\/li>\n<li> Gumeni \u0111on <\/li>","protected":false},"excerpt":{"rendered":"<p>Champion VETO PS su patike za djecu koje \u0107e omogu\u0107iti sigurne korake najmla\u0111im \u010dlanovima va\u0161e porodice. Gornji dio napravljen je od mje\u0161avine najlona i poliuretana koja omogu\u0107ava stabilnost i komfor. Kombinacija pertlanja i \u010di\u010dak trake omogu\u0107ava da stopalo va\u0161e djevoj\u010dice bude stabilno. Gumeni \u0111on omogu\u0107ava prijanjanje na svim podlogama. Champion logo govori o pripadnosti brendu [&hellip;]<\/p>","protected":false},"featured_media":25836,"template":"","meta":{"jetpack_post_was_ever_published":false},"product_brand":[94],"product_cat":[60],"product_tag":[],"class_list":{"0":"post-25837","1":"product","2":"type-product","3":"status-publish","4":"has-post-thumbnail","6":"product_brand-sport_vision","7":"product_cat-djecije-cizme","9":"first","10":"instock","11":"sale","12":"shipping-taxable","13":"product-type-external"},"jetpack-related-posts":[],"jetpack_sharing_enabled":true,"_links":{"self":[{"href":"https:\/\/cipele.ba\/en\/wp-json\/wp\/v2\/product\/25837","targetHints":{"allow":["GET"]}}],"collection":[{"href":"https:\/\/cipele.ba\/en\/wp-json\/wp\/v2\/product"}],"about":[{"href":"https:\/\/cipele.ba\/en\/wp-json\/wp\/v2\/types\/product"}],"wp:featuredmedia":[{"embeddable":true,"href":"https:\/\/cipele.ba\/en\/wp-json\/wp\/v2\/media\/25836"}],"wp:attachment":[{"href":"https:\/\/cipele.ba\/en\/wp-json\/wp\/v2\/media?parent=25837"}],"wp:term":[{"taxonomy":"product_brand","embeddable":true,"href":"https:\/\/cipele.ba\/en\/wp-json\/wp\/v2\/product_brand?post=25837"},{"taxonomy":"product_cat","embeddable":true,"href":"https:\/\/cipele.ba\/en\/wp-json\/wp\/v2\/product_cat?post=25837"},{"taxonomy":"product_tag","embeddable":true,"href":"https:\/\/cipele.ba\/en\/wp-json\/wp\/v2\/product_tag?post=25837"}],"curies":[{"name":"wp","href":"https:\/\/api.w.org\/{rel}","templated":true}]}}