{"id":25849,"date":"2025-10-13T21:47:50","date_gmt":"2025-10-13T21:47:50","guid":{"rendered":"https:\/\/cipele.ba\/shop\/uncategorized\/merrell-barn-snow-bank-4-0-3\/"},"modified":"2026-04-28T21:10:39","modified_gmt":"2026-04-28T21:10:39","slug":"merrell-barn-snow-bank-4-0-3","status":"publish","type":"product","link":"https:\/\/cipele.ba\/en\/shop\/djeca\/djecije-cizme\/merrell-barn-snow-bank-4-0-3\/","title":{"rendered":"Merrell Barn Snow Bank 4.0"},"content":{"rendered":"<\/p>\n<p> Napravljene od vodootpornih materijala, sa odli\u010dnom izolacijom, Merrell Barn Snow Bank 4.0 dje\u010dije zimske \u010dizme za tinejd\u017eerke su te koje pobje\u0111uju. <\/p>\n<p> Vodootporno gornji\u0161te od ko\u017ee i mre\u017eastog materijala odr\u017eava stopala suvim istovremeno odr\u017eavaju\u0107i prozra\u010dnost. Band\u017ei sistem pertlanja osiguran zatvara\u010dem nudi brzo obuvanje i sigurno pristajanje koje djeca mogu sama da postignu. Unutra\u0161njost je napravljena od materijala koji spre\u010dava razvoj neprijatnih mirisa. \u0110on koji ne ostavlja tragove nudi dodatno prianjanje, za superiornu vu\u010du. Spremite se da u\u017eivate na otvorenom sa \u010dizmama napravljenim za najlu\u0111e zimske uslove. <\/p>\n<p> Specifikacija: <\/p>\n<li> Dubok profil <\/li>\n<li> Band\u017ei sistem pertlanja <\/li>\n<li> Vodootporno gornji\u0161te od ko\u017ee i mre\u017eastog materijala <\/li>\n<li> \u0110on koji ne ostavlja tragove <\/li>","protected":false},"excerpt":{"rendered":"<p>Napravljene od vodootpornih materijala, sa odli\u010dnom izolacijom, Merrell Barn Snow Bank 4.0 dje\u010dije zimske \u010dizme za tinejd\u017eerke su te koje pobje\u0111uju. Vodootporno gornji\u0161te od ko\u017ee i mre\u017eastog materijala odr\u017eava stopala suvim istovremeno odr\u017eavaju\u0107i prozra\u010dnost. Band\u017ei sistem pertlanja osiguran zatvara\u010dem nudi brzo obuvanje i sigurno pristajanje koje djeca mogu sama da postignu. Unutra\u0161njost je napravljena od [&hellip;]<\/p>","protected":false},"featured_media":25848,"template":"","meta":{"jetpack_post_was_ever_published":false},"product_brand":[94],"product_cat":[60],"product_tag":[],"class_list":{"0":"post-25849","1":"product","2":"type-product","3":"status-publish","4":"has-post-thumbnail","6":"product_brand-sport_vision","7":"product_cat-djecije-cizme","9":"first","10":"instock","11":"sale","12":"shipping-taxable","13":"product-type-external"},"jetpack-related-posts":[],"jetpack_sharing_enabled":true,"_links":{"self":[{"href":"https:\/\/cipele.ba\/en\/wp-json\/wp\/v2\/product\/25849","targetHints":{"allow":["GET"]}}],"collection":[{"href":"https:\/\/cipele.ba\/en\/wp-json\/wp\/v2\/product"}],"about":[{"href":"https:\/\/cipele.ba\/en\/wp-json\/wp\/v2\/types\/product"}],"wp:featuredmedia":[{"embeddable":true,"href":"https:\/\/cipele.ba\/en\/wp-json\/wp\/v2\/media\/25848"}],"wp:attachment":[{"href":"https:\/\/cipele.ba\/en\/wp-json\/wp\/v2\/media?parent=25849"}],"wp:term":[{"taxonomy":"product_brand","embeddable":true,"href":"https:\/\/cipele.ba\/en\/wp-json\/wp\/v2\/product_brand?post=25849"},{"taxonomy":"product_cat","embeddable":true,"href":"https:\/\/cipele.ba\/en\/wp-json\/wp\/v2\/product_cat?post=25849"},{"taxonomy":"product_tag","embeddable":true,"href":"https:\/\/cipele.ba\/en\/wp-json\/wp\/v2\/product_tag?post=25849"}],"curies":[{"name":"wp","href":"https:\/\/api.w.org\/{rel}","templated":true}]}}