{"id":25866,"date":"2025-10-13T21:47:59","date_gmt":"2025-10-13T21:47:59","guid":{"rendered":"https:\/\/cipele.ba\/shop\/uncategorized\/crocs-handle-it-rain-4\/"},"modified":"2026-04-18T23:38:20","modified_gmt":"2026-04-18T23:38:20","slug":"crocs-handle-it-rain-4","status":"publish","type":"product","link":"https:\/\/cipele.ba\/en\/shop\/djeca\/djecije-cizme\/crocs-handle-it-rain-4\/","title":{"rendered":"Crocs Handle It Rain"},"content":{"rendered":"<\/p>\n<p> U Crocs Handle It Rain dje\u010dijim uniseks lifestyle \u010dizmama za malu djecu i va\u0161i mali\u0161ani mogu da u\u017eivaju, \u010dak i tokom izuzetno ki\u0161ovitih dana. <\/p>\n<p> Spoj klasi\u010dnog stila i dobro poznate udobnosti ne\u0107e ostaviti ravnodu\u0161nim ni jednog mali\u0161ana. Vodootporne i izuzetno lagane, dolaze u jarkim bojama kako bi obogatile izgled va\u0161ih najmla\u0111ih i u\u010dinile ga zanimljivim. Lako se \u010diste i brzo se su\u0161e, pa \u0107e skakanje po baricama biti prava zabava, kako za njih, tako i za vas. Ru\u010dke na obodu olak\u0161avaju obuvanje i no\u0161enje ovih \u010dizmica. Personalizujte ih po svom ukusu, stavljajuc\u0301i Jibbitz\u2122 privjeske. <\/p>\n<p> Specifikacija: <\/p>\n<li> Vodootporne <\/li>\n<li> Lagane <\/li>\n<li> Fleksibilne <\/li>\n<li> Ru\u010dke na obodu <\/li>\n<li> Mogu\u0107nost dodavanja Jibbitz\u2122 privezaka <\/li>\n<li> Sastav: Croslite <\/li>","protected":false},"excerpt":{"rendered":"<p>U Crocs Handle It Rain dje\u010dijim uniseks lifestyle \u010dizmama za malu djecu i va\u0161i mali\u0161ani mogu da u\u017eivaju, \u010dak i tokom izuzetno ki\u0161ovitih dana. Spoj klasi\u010dnog stila i dobro poznate udobnosti ne\u0107e ostaviti ravnodu\u0161nim ni jednog mali\u0161ana. Vodootporne i izuzetno lagane, dolaze u jarkim bojama kako bi obogatile izgled va\u0161ih najmla\u0111ih i u\u010dinile ga zanimljivim. [&hellip;]<\/p>","protected":false},"featured_media":25864,"template":"","meta":{"jetpack_post_was_ever_published":false},"product_brand":[94],"product_cat":[60],"product_tag":[],"class_list":{"0":"post-25866","1":"product","2":"type-product","3":"status-publish","4":"has-post-thumbnail","6":"product_brand-sport_vision","7":"product_cat-djecije-cizme","9":"first","10":"instock","11":"sale","12":"shipping-taxable","13":"product-type-external"},"jetpack-related-posts":[],"jetpack_sharing_enabled":true,"_links":{"self":[{"href":"https:\/\/cipele.ba\/en\/wp-json\/wp\/v2\/product\/25866","targetHints":{"allow":["GET"]}}],"collection":[{"href":"https:\/\/cipele.ba\/en\/wp-json\/wp\/v2\/product"}],"about":[{"href":"https:\/\/cipele.ba\/en\/wp-json\/wp\/v2\/types\/product"}],"wp:featuredmedia":[{"embeddable":true,"href":"https:\/\/cipele.ba\/en\/wp-json\/wp\/v2\/media\/25864"}],"wp:attachment":[{"href":"https:\/\/cipele.ba\/en\/wp-json\/wp\/v2\/media?parent=25866"}],"wp:term":[{"taxonomy":"product_brand","embeddable":true,"href":"https:\/\/cipele.ba\/en\/wp-json\/wp\/v2\/product_brand?post=25866"},{"taxonomy":"product_cat","embeddable":true,"href":"https:\/\/cipele.ba\/en\/wp-json\/wp\/v2\/product_cat?post=25866"},{"taxonomy":"product_tag","embeddable":true,"href":"https:\/\/cipele.ba\/en\/wp-json\/wp\/v2\/product_tag?post=25866"}],"curies":[{"name":"wp","href":"https:\/\/api.w.org\/{rel}","templated":true}]}}