{"id":25867,"date":"2025-10-13T21:47:59","date_gmt":"2025-10-13T21:47:59","guid":{"rendered":"https:\/\/cipele.ba\/shop\/uncategorized\/skechers-flutter-hearts\/"},"modified":"2026-04-18T21:51:24","modified_gmt":"2026-04-18T21:51:24","slug":"skechers-flutter-hearts","status":"publish","type":"product","link":"https:\/\/cipele.ba\/en\/shop\/djeca\/djecije-cizme\/skechers-flutter-hearts\/","title":{"rendered":"Skechers Flutter Hearts"},"content":{"rendered":"<\/p>\n<p> Odr\u017eavajte noge va\u0161eg djeteta toplim \u010dak i po hladnom vremenu pomo\u0107u FLUTTER HEART Lights patika za djevoj\u010dice. <\/p>\n<p> Ove patike za d\u201ajevoj\u010dice imaju veoma zabavan i sladak izgled zahvaljuju\u0107i \u0161arama srca i sinteti\u010dkim ukrasima na njegovom gornjem dijelu. Kandidat je da bude omiljena patika va\u0161eg djeteta zahvaljuju\u0107i gornjem dijelu od sinteti\u010dkih materijala i tkanine, fleksibilnosti, lako\u0107i i toplini. FLUTTER HEART Lights patike za djevoj\u010dice nude veliku lako\u0107u kori\u0161\u0107enja tako \u0161to se lako obuju i skidaju, zahvaljuju\u0107i fleksibilnim pertlama i \u010di\u010dak traci. Zahvaljuju\u0107i potpornim materijalima u ulo\u0161ku, stopala va\u0161eg djeteta su meka tokom dana i mogu slobodno da se kre\u0107u, tr\u010de i igraju. Svjetla u obliku srca \u2013 Svjetla u obliku srca na srednjem \u0111onu FLUTTER HEART trepere dok va\u0161e dijete kora\u010da, stvaraju\u0107i svjetlucavu sliku, a mogu se potpuno isklju\u010diti pomo\u0107u dugmeta. Zahvaljujuc\u0301i visokom prianjanju i fleksibilnom materijalu koji se koristi na potplatu, va\u0161e dijete se osje\u0107a uravnote\u017eeno i bezbjedno pri svakom koraku i za\u0161ti\u0107eno je od mogu\u0107ih nezgoda tokom dana. <\/p>\n<p> Specifikacija: <\/p>\n<li> Patike za djevoj\u010dice. <\/li>\n<li> Gornji\u0161te je od tkanine sa detaljima u srcu i elasti\u010dnim vezicama na prednjoj strani. <\/li>\n<li> Sadr\u017ei raznobojne detalje u obliku srca na me\u0111u\u0111onu <\/li>\n<li> Fleksibilan \u0111on koji ne ostavlja tragove koji obezbje\u0111uje prianjanje. <\/li>\n<li> Skechers logotip <\/li>\n<li> Svetla imaju funkciju za uklju\u010divanje\/isklju\u010divanje <\/li>","protected":false},"excerpt":{"rendered":"<p>Odr\u017eavajte noge va\u0161eg djeteta toplim \u010dak i po hladnom vremenu pomo\u0107u FLUTTER HEART Lights patika za djevoj\u010dice. Ove patike za d\u201ajevoj\u010dice imaju veoma zabavan i sladak izgled zahvaljuju\u0107i \u0161arama srca i sinteti\u010dkim ukrasima na njegovom gornjem dijelu. Kandidat je da bude omiljena patika va\u0161eg djeteta zahvaljuju\u0107i gornjem dijelu od sinteti\u010dkih materijala i tkanine, fleksibilnosti, lako\u0107i [&hellip;]<\/p>","protected":false},"featured_media":25865,"template":"","meta":{"jetpack_post_was_ever_published":false},"product_brand":[94],"product_cat":[60],"product_tag":[],"class_list":{"0":"post-25867","1":"product","2":"type-product","3":"status-publish","4":"has-post-thumbnail","6":"product_brand-sport_vision","7":"product_cat-djecije-cizme","9":"first","10":"instock","11":"sale","12":"shipping-taxable","13":"product-type-external"},"jetpack-related-posts":[],"jetpack_sharing_enabled":true,"_links":{"self":[{"href":"https:\/\/cipele.ba\/en\/wp-json\/wp\/v2\/product\/25867","targetHints":{"allow":["GET"]}}],"collection":[{"href":"https:\/\/cipele.ba\/en\/wp-json\/wp\/v2\/product"}],"about":[{"href":"https:\/\/cipele.ba\/en\/wp-json\/wp\/v2\/types\/product"}],"wp:featuredmedia":[{"embeddable":true,"href":"https:\/\/cipele.ba\/en\/wp-json\/wp\/v2\/media\/25865"}],"wp:attachment":[{"href":"https:\/\/cipele.ba\/en\/wp-json\/wp\/v2\/media?parent=25867"}],"wp:term":[{"taxonomy":"product_brand","embeddable":true,"href":"https:\/\/cipele.ba\/en\/wp-json\/wp\/v2\/product_brand?post=25867"},{"taxonomy":"product_cat","embeddable":true,"href":"https:\/\/cipele.ba\/en\/wp-json\/wp\/v2\/product_cat?post=25867"},{"taxonomy":"product_tag","embeddable":true,"href":"https:\/\/cipele.ba\/en\/wp-json\/wp\/v2\/product_tag?post=25867"}],"curies":[{"name":"wp","href":"https:\/\/api.w.org\/{rel}","templated":true}]}}