{"id":25869,"date":"2025-10-13T21:48:00","date_gmt":"2025-10-13T21:48:00","guid":{"rendered":"https:\/\/cipele.ba\/shop\/uncategorized\/skechers-heart\/"},"modified":"2026-04-18T18:34:37","modified_gmt":"2026-04-18T18:34:37","slug":"skechers-heart","status":"publish","type":"product","link":"https:\/\/cipele.ba\/en\/shop\/djeca\/djecije-cizme\/skechers-heart\/","title":{"rendered":"Skechers Heart"},"content":{"rendered":"<\/p>\n<p> Uljep\u0161ajte korake svoje djevoj\u010dice sa malo magije, uz Skechers HEART dje\u010dije lifestyle patike za djevoj\u010dice. <\/p>\n<p> Svjetlucavi dizajn ovih patika ima gornji\u0161te od vje\u0161ta\u010dke ko\u017ee i tekstila. Oblikovano gazi\u0161te obezbjedi\u0107e udoban korak. \u010ci\u010dak traka \u010dini mala stopala sigurnim i olak\u0161avaju obuvanje i izuvanje, jer mali\u0161ani ne mogu da \u010dekaju. Va\u0161e djevoj\u010dice \u0107e biti odu\u0161evljene ovim patikama koje \u0107e ih povesti u najlep\u0161e avanture. <\/p>\n<p> Specifikacija: <\/p>\n<li> Patike za djevoj\u010dice <\/li>\n<li> Poluduboki profil <\/li>\n<li> \u010ci\u010dak traka <\/li>\n<li> Gornji\u0161te od vje\u0161ta\u010dke ko\u017ee i tekstila <\/li>\n<li> Svijetle\u0107i EVA \u0111on <\/li>","protected":false},"excerpt":{"rendered":"<p>Uljep\u0161ajte korake svoje djevoj\u010dice sa malo magije, uz Skechers HEART dje\u010dije lifestyle patike za djevoj\u010dice. Svjetlucavi dizajn ovih patika ima gornji\u0161te od vje\u0161ta\u010dke ko\u017ee i tekstila. Oblikovano gazi\u0161te obezbjedi\u0107e udoban korak. \u010ci\u010dak traka \u010dini mala stopala sigurnim i olak\u0161avaju obuvanje i izuvanje, jer mali\u0161ani ne mogu da \u010dekaju. Va\u0161e djevoj\u010dice \u0107e biti odu\u0161evljene ovim patikama [&hellip;]<\/p>","protected":false},"featured_media":25868,"template":"","meta":{"jetpack_post_was_ever_published":false},"product_brand":[94],"product_cat":[60],"product_tag":[],"class_list":{"0":"post-25869","1":"product","2":"type-product","3":"status-publish","4":"has-post-thumbnail","6":"product_brand-sport_vision","7":"product_cat-djecije-cizme","9":"first","10":"instock","11":"sale","12":"shipping-taxable","13":"product-type-external"},"jetpack-related-posts":[],"jetpack_sharing_enabled":true,"_links":{"self":[{"href":"https:\/\/cipele.ba\/en\/wp-json\/wp\/v2\/product\/25869","targetHints":{"allow":["GET"]}}],"collection":[{"href":"https:\/\/cipele.ba\/en\/wp-json\/wp\/v2\/product"}],"about":[{"href":"https:\/\/cipele.ba\/en\/wp-json\/wp\/v2\/types\/product"}],"wp:featuredmedia":[{"embeddable":true,"href":"https:\/\/cipele.ba\/en\/wp-json\/wp\/v2\/media\/25868"}],"wp:attachment":[{"href":"https:\/\/cipele.ba\/en\/wp-json\/wp\/v2\/media?parent=25869"}],"wp:term":[{"taxonomy":"product_brand","embeddable":true,"href":"https:\/\/cipele.ba\/en\/wp-json\/wp\/v2\/product_brand?post=25869"},{"taxonomy":"product_cat","embeddable":true,"href":"https:\/\/cipele.ba\/en\/wp-json\/wp\/v2\/product_cat?post=25869"},{"taxonomy":"product_tag","embeddable":true,"href":"https:\/\/cipele.ba\/en\/wp-json\/wp\/v2\/product_tag?post=25869"}],"curies":[{"name":"wp","href":"https:\/\/api.w.org\/{rel}","templated":true}]}}