{"id":25871,"date":"2025-10-13T21:48:02","date_gmt":"2025-10-13T21:48:02","guid":{"rendered":"https:\/\/cipele.ba\/shop\/uncategorized\/adidas-winterplay-mickey-i\/"},"modified":"2026-04-18T21:28:01","modified_gmt":"2026-04-18T21:28:01","slug":"adidas-winterplay-mickey-i","status":"publish","type":"product","link":"https:\/\/cipele.ba\/en\/shop\/djeca\/djecije-cizme\/adidas-winterplay-mickey-i\/","title":{"rendered":"adidas Winterplay Mickey I"},"content":{"rendered":"<\/p>\n<p> adidas Winterplay Mickey I su zimske cipele za bebe uz koje \u0107e osigurati siguran korak va\u0161im najmla\u0111ima. <\/p>\n<p> Kada vrijeme postane hladno, avanture ne prestaju. Ove adidas cipele za bebe odr\u017eavaju mala stopala toplim, dok Diznijev Miki Maus donosi zabavu. Napravljene za \u0161iroko pristajanje sa mekim, fleksibilnim gornjim dijelom, ove \u010dizme su dizajnirane da pru\u017ee udobnost. \u010cvrsti gumeni \u0111on poma\u017ee mali\u0161anima da se stabilno kre\u0107u po klizavim ili bljuzgavim povr\u0161inama. Napravljene od niza recikliranih materijala, ove cipele imaju najmanje 50% recikliranog sadr\u017eaja. Ovaj proizvod predstavlja samo jedno od adidas rje\u0161enja za pomo\u0107 u okon\u010danju plasti\u010dnog otpada. <\/p>\n<p> Specifikacija: <\/p>\n<li> Cipele za bebe za zimu<\/li>\n<li> \u010cvrst gumeni \u0111on <\/li>\n<li> Najmanje 50% recikliranog sadr\u017eaja <\/li>","protected":false},"excerpt":{"rendered":"<p>adidas Winterplay Mickey I su zimske cipele za bebe uz koje \u0107e osigurati siguran korak va\u0161im najmla\u0111ima. Kada vrijeme postane hladno, avanture ne prestaju. Ove adidas cipele za bebe odr\u017eavaju mala stopala toplim, dok Diznijev Miki Maus donosi zabavu. Napravljene za \u0161iroko pristajanje sa mekim, fleksibilnim gornjim dijelom, ove \u010dizme su dizajnirane da pru\u017ee udobnost. [&hellip;]<\/p>","protected":false},"featured_media":25870,"template":"","meta":{"jetpack_post_was_ever_published":false},"product_brand":[94],"product_cat":[60],"product_tag":[],"class_list":{"0":"post-25871","1":"product","2":"type-product","3":"status-publish","4":"has-post-thumbnail","6":"product_brand-sport_vision","7":"product_cat-djecije-cizme","9":"first","10":"instock","11":"sale","12":"shipping-taxable","13":"product-type-external"},"jetpack-related-posts":[],"jetpack_sharing_enabled":true,"_links":{"self":[{"href":"https:\/\/cipele.ba\/en\/wp-json\/wp\/v2\/product\/25871","targetHints":{"allow":["GET"]}}],"collection":[{"href":"https:\/\/cipele.ba\/en\/wp-json\/wp\/v2\/product"}],"about":[{"href":"https:\/\/cipele.ba\/en\/wp-json\/wp\/v2\/types\/product"}],"wp:featuredmedia":[{"embeddable":true,"href":"https:\/\/cipele.ba\/en\/wp-json\/wp\/v2\/media\/25870"}],"wp:attachment":[{"href":"https:\/\/cipele.ba\/en\/wp-json\/wp\/v2\/media?parent=25871"}],"wp:term":[{"taxonomy":"product_brand","embeddable":true,"href":"https:\/\/cipele.ba\/en\/wp-json\/wp\/v2\/product_brand?post=25871"},{"taxonomy":"product_cat","embeddable":true,"href":"https:\/\/cipele.ba\/en\/wp-json\/wp\/v2\/product_cat?post=25871"},{"taxonomy":"product_tag","embeddable":true,"href":"https:\/\/cipele.ba\/en\/wp-json\/wp\/v2\/product_tag?post=25871"}],"curies":[{"name":"wp","href":"https:\/\/api.w.org\/{rel}","templated":true}]}}