{"id":25874,"date":"2025-10-13T21:48:02","date_gmt":"2025-10-13T21:48:02","guid":{"rendered":"https:\/\/cipele.ba\/shop\/uncategorized\/kander-vinson-3\/"},"modified":"2026-04-18T21:52:26","modified_gmt":"2026-04-18T21:52:26","slug":"kander-vinson-3","status":"publish","type":"product","link":"https:\/\/cipele.ba\/en\/shop\/djeca\/djecije-cizme\/kander-vinson-3\/","title":{"rendered":"Kander Vinson"},"content":{"rendered":"<\/p>\n<p>Kander Vinson dje\u010dije \u010dizme za bebe devoj\u010dice su lagane, ali tople.<\/p>\n<\/p>\n<p> <b> Detalji <\/b> <\/p>\n<li> Dvije \u010di\u010dak-trake koje se preklapaju za savr\u0161eno prianjanje<\/li>\n<li>Meko ali izdr\u017eljivo pro\u0161iveno gornji\u0161te za udobnost i za\u0161titu<\/li>\n<li> Vodootporna tehnologija omogu\u0107ava da no\u017eice ostanu suve<\/li>\n<li>Gumeni \u0111on pru\u017ea vrhunsko prianjanje i spre\u010dava klizanje<\/li>\n<li>Kander logotip odra\u017eava brend u koji imate povjerenja zbog kvaliteta <\/li>","protected":false},"excerpt":{"rendered":"<p>Kander Vinson dje\u010dije \u010dizme za bebe devoj\u010dice su lagane, ali tople. Detalji Dvije \u010di\u010dak-trake koje se preklapaju za savr\u0161eno prianjanje Meko ali izdr\u017eljivo pro\u0161iveno gornji\u0161te za udobnost i za\u0161titu Vodootporna tehnologija omogu\u0107ava da no\u017eice ostanu suve Gumeni \u0111on pru\u017ea vrhunsko prianjanje i spre\u010dava klizanje Kander logotip odra\u017eava brend u koji imate povjerenja zbog kvaliteta<\/p>","protected":false},"featured_media":25872,"template":"","meta":{"jetpack_post_was_ever_published":false},"product_brand":[94],"product_cat":[60],"product_tag":[],"class_list":{"0":"post-25874","1":"product","2":"type-product","3":"status-publish","4":"has-post-thumbnail","6":"product_brand-sport_vision","7":"product_cat-djecije-cizme","9":"first","10":"instock","11":"sale","12":"shipping-taxable","13":"product-type-external"},"jetpack-related-posts":[],"jetpack_sharing_enabled":true,"_links":{"self":[{"href":"https:\/\/cipele.ba\/en\/wp-json\/wp\/v2\/product\/25874","targetHints":{"allow":["GET"]}}],"collection":[{"href":"https:\/\/cipele.ba\/en\/wp-json\/wp\/v2\/product"}],"about":[{"href":"https:\/\/cipele.ba\/en\/wp-json\/wp\/v2\/types\/product"}],"wp:featuredmedia":[{"embeddable":true,"href":"https:\/\/cipele.ba\/en\/wp-json\/wp\/v2\/media\/25872"}],"wp:attachment":[{"href":"https:\/\/cipele.ba\/en\/wp-json\/wp\/v2\/media?parent=25874"}],"wp:term":[{"taxonomy":"product_brand","embeddable":true,"href":"https:\/\/cipele.ba\/en\/wp-json\/wp\/v2\/product_brand?post=25874"},{"taxonomy":"product_cat","embeddable":true,"href":"https:\/\/cipele.ba\/en\/wp-json\/wp\/v2\/product_cat?post=25874"},{"taxonomy":"product_tag","embeddable":true,"href":"https:\/\/cipele.ba\/en\/wp-json\/wp\/v2\/product_tag?post=25874"}],"curies":[{"name":"wp","href":"https:\/\/api.w.org\/{rel}","templated":true}]}}