{"id":25880,"date":"2025-10-13T21:48:06","date_gmt":"2025-10-13T21:48:06","guid":{"rendered":"https:\/\/cipele.ba\/shop\/uncategorized\/kander-seser\/"},"modified":"2026-04-18T21:38:25","modified_gmt":"2026-04-18T21:38:25","slug":"kander-seser","status":"publish","type":"product","link":"https:\/\/cipele.ba\/en\/shop\/djeca\/djecije-cizme\/kander-seser\/","title":{"rendered":"Kander Seser"},"content":{"rendered":"<\/p>\n<p> Spremne za ki\u0161ovite i snije\u017ene dane, ove Kronos Seser \u010dizme za bebe napravljene su da njihova mala stopala odr\u017eavaju suvim i da im bude udobno. <\/p>\n<\/p>\n<p> <b> Detalji <\/b> <\/p>\n<li> <\/li>\n<li> Vodootporno gornji\u0161te <\/li>\n<li> Kop\u010danje na rajsfer\u0161lus <\/li>\n<li> Gumeni spoljni \u0111on <\/li>","protected":false},"excerpt":{"rendered":"<p>Spremne za ki\u0161ovite i snije\u017ene dane, ove Kronos Seser \u010dizme za bebe napravljene su da njihova mala stopala odr\u017eavaju suvim i da im bude udobno. Detalji Vodootporno gornji\u0161te Kop\u010danje na rajsfer\u0161lus Gumeni spoljni \u0111on<\/p>","protected":false},"featured_media":25877,"template":"","meta":{"jetpack_post_was_ever_published":false},"product_brand":[94],"product_cat":[60],"product_tag":[],"class_list":{"0":"post-25880","1":"product","2":"type-product","3":"status-publish","4":"has-post-thumbnail","6":"product_brand-sport_vision","7":"product_cat-djecije-cizme","9":"first","10":"instock","11":"sale","12":"shipping-taxable","13":"product-type-external"},"jetpack-related-posts":[],"jetpack_sharing_enabled":true,"_links":{"self":[{"href":"https:\/\/cipele.ba\/en\/wp-json\/wp\/v2\/product\/25880","targetHints":{"allow":["GET"]}}],"collection":[{"href":"https:\/\/cipele.ba\/en\/wp-json\/wp\/v2\/product"}],"about":[{"href":"https:\/\/cipele.ba\/en\/wp-json\/wp\/v2\/types\/product"}],"wp:featuredmedia":[{"embeddable":true,"href":"https:\/\/cipele.ba\/en\/wp-json\/wp\/v2\/media\/25877"}],"wp:attachment":[{"href":"https:\/\/cipele.ba\/en\/wp-json\/wp\/v2\/media?parent=25880"}],"wp:term":[{"taxonomy":"product_brand","embeddable":true,"href":"https:\/\/cipele.ba\/en\/wp-json\/wp\/v2\/product_brand?post=25880"},{"taxonomy":"product_cat","embeddable":true,"href":"https:\/\/cipele.ba\/en\/wp-json\/wp\/v2\/product_cat?post=25880"},{"taxonomy":"product_tag","embeddable":true,"href":"https:\/\/cipele.ba\/en\/wp-json\/wp\/v2\/product_tag?post=25880"}],"curies":[{"name":"wp","href":"https:\/\/api.w.org\/{rel}","templated":true}]}}