{"id":25885,"date":"2025-10-13T21:48:08","date_gmt":"2025-10-13T21:48:08","guid":{"rendered":"https:\/\/cipele.ba\/shop\/uncategorized\/adidas-winterplay-minnie-i\/"},"modified":"2026-04-18T19:45:40","modified_gmt":"2026-04-18T19:45:40","slug":"adidas-winterplay-minnie-i","status":"publish","type":"product","link":"https:\/\/cipele.ba\/en\/shop\/djeca\/djecije-cizme\/adidas-winterplay-minnie-i\/","title":{"rendered":"adidas Winterplay Minnie I"},"content":{"rendered":"<\/p>\n<p> adidas Winterplay Minnie I su zimske cipele za bebe uz koje \u0107e osigurati siguran korak va\u0161im najmla\u0111ima. <\/p>\n<p> Gdje god mali\u0161ani lutaju, Mini Maus ide sa njima. Ove adidas cipele za bebe su napravljene tako da \u0161iroko pristaju da daju prostor za stopala da se rastegnu i savijaju. Mekana gornja strana pru\u017ea dovoljno pokrivanja po hladnom vremenu. Sa ovim adidas zimskim cipelama za djecu va\u0161e dijete \u0107e biti spremno za slede\u0107u avanturu na otvorenom. Napravljen od niza recikliranih materijala, ovaj proizvod ima najmanje 50% recikliranog sadr\u017eaja. Ovaj proizvod predstavlja samo jedno od adidas rje\u0161enja za pomo\u0107 u okon\u010danju plasti\u010dnog otpada.<\/p>\n<p> Specifikacija: <\/p>\n<li> Cipele za bebe za zimu<\/li>\n<li> \u010cvrst gumeni \u0111on <\/li>\n<li> Najmanje 50% recikliranog sadr\u017eaja <\/li>","protected":false},"excerpt":{"rendered":"<p>adidas Winterplay Minnie I su zimske cipele za bebe uz koje \u0107e osigurati siguran korak va\u0161im najmla\u0111ima. Gdje god mali\u0161ani lutaju, Mini Maus ide sa njima. Ove adidas cipele za bebe su napravljene tako da \u0161iroko pristaju da daju prostor za stopala da se rastegnu i savijaju. Mekana gornja strana pru\u017ea dovoljno pokrivanja po hladnom [&hellip;]<\/p>","protected":false},"featured_media":25882,"template":"","meta":{"jetpack_post_was_ever_published":false},"product_brand":[94],"product_cat":[60],"product_tag":[],"class_list":{"0":"post-25885","1":"product","2":"type-product","3":"status-publish","4":"has-post-thumbnail","6":"product_brand-sport_vision","7":"product_cat-djecije-cizme","9":"first","10":"instock","11":"sale","12":"shipping-taxable","13":"product-type-external"},"jetpack-related-posts":[],"jetpack_sharing_enabled":true,"_links":{"self":[{"href":"https:\/\/cipele.ba\/en\/wp-json\/wp\/v2\/product\/25885","targetHints":{"allow":["GET"]}}],"collection":[{"href":"https:\/\/cipele.ba\/en\/wp-json\/wp\/v2\/product"}],"about":[{"href":"https:\/\/cipele.ba\/en\/wp-json\/wp\/v2\/types\/product"}],"wp:featuredmedia":[{"embeddable":true,"href":"https:\/\/cipele.ba\/en\/wp-json\/wp\/v2\/media\/25882"}],"wp:attachment":[{"href":"https:\/\/cipele.ba\/en\/wp-json\/wp\/v2\/media?parent=25885"}],"wp:term":[{"taxonomy":"product_brand","embeddable":true,"href":"https:\/\/cipele.ba\/en\/wp-json\/wp\/v2\/product_brand?post=25885"},{"taxonomy":"product_cat","embeddable":true,"href":"https:\/\/cipele.ba\/en\/wp-json\/wp\/v2\/product_cat?post=25885"},{"taxonomy":"product_tag","embeddable":true,"href":"https:\/\/cipele.ba\/en\/wp-json\/wp\/v2\/product_tag?post=25885"}],"curies":[{"name":"wp","href":"https:\/\/api.w.org\/{rel}","templated":true}]}}