{"id":25887,"date":"2025-10-13T21:48:09","date_gmt":"2025-10-13T21:48:09","guid":{"rendered":"https:\/\/cipele.ba\/shop\/uncategorized\/skechers-magna-lights\/"},"modified":"2026-04-18T18:37:11","modified_gmt":"2026-04-18T18:37:11","slug":"skechers-magna-lights","status":"publish","type":"product","link":"https:\/\/cipele.ba\/en\/shop\/djeca\/djecije-cizme\/skechers-magna-lights\/","title":{"rendered":"Skechers Magna-Lights"},"content":{"rendered":"<\/p>\n<p> Osvijetlite svoje korake u udobnosti Skechers Magna-Lights dje\u010dijih patika za male dje\u010dake. <\/p>\n<p> Ove patikice imaju sinteti\u010dko gornji\u0161te koje se lako odr\u017eava. \u010ci\u010dak trake olak\u0161avaju obuvanje i izuvanje malih, nemirnih stopala. Srednji \u0111on apsorbuje udarce i ima zanimljiv, svjetlucavi dizajn. Sinteti\u010dko gornji\u0161te ima mre\u017eastu postavu, \u0161to omogu\u0107ava prozra\u010dnost. Fleksibilni gumeni \u0111on pru\u017ea odli\u010dno prianjanje. <\/p>\n<p> Specifikacija: <\/p>\n<li> Poludubok profil <\/li>\n<li> \u010ci\u010dak trake <\/li>\n<li> Sinteti\u010dko gornji\u0161te <\/li>\n<li> Mre\u017easta postava <\/li>\n<li> Fleksibilni gumeni \u0111on <\/li>","protected":false},"excerpt":{"rendered":"<p>Osvijetlite svoje korake u udobnosti Skechers Magna-Lights dje\u010dijih patika za male dje\u010dake. Ove patikice imaju sinteti\u010dko gornji\u0161te koje se lako odr\u017eava. \u010ci\u010dak trake olak\u0161avaju obuvanje i izuvanje malih, nemirnih stopala. Srednji \u0111on apsorbuje udarce i ima zanimljiv, svjetlucavi dizajn. Sinteti\u010dko gornji\u0161te ima mre\u017eastu postavu, \u0161to omogu\u0107ava prozra\u010dnost. Fleksibilni gumeni \u0111on pru\u017ea odli\u010dno prianjanje. Specifikacija: Poludubok [&hellip;]<\/p>","protected":false},"featured_media":25884,"template":"","meta":{"jetpack_post_was_ever_published":false},"product_brand":[94],"product_cat":[60],"product_tag":[],"class_list":{"0":"post-25887","1":"product","2":"type-product","3":"status-publish","4":"has-post-thumbnail","6":"product_brand-sport_vision","7":"product_cat-djecije-cizme","9":"first","10":"instock","11":"sale","12":"shipping-taxable","13":"product-type-external"},"jetpack-related-posts":[],"jetpack_sharing_enabled":true,"_links":{"self":[{"href":"https:\/\/cipele.ba\/en\/wp-json\/wp\/v2\/product\/25887","targetHints":{"allow":["GET"]}}],"collection":[{"href":"https:\/\/cipele.ba\/en\/wp-json\/wp\/v2\/product"}],"about":[{"href":"https:\/\/cipele.ba\/en\/wp-json\/wp\/v2\/types\/product"}],"wp:featuredmedia":[{"embeddable":true,"href":"https:\/\/cipele.ba\/en\/wp-json\/wp\/v2\/media\/25884"}],"wp:attachment":[{"href":"https:\/\/cipele.ba\/en\/wp-json\/wp\/v2\/media?parent=25887"}],"wp:term":[{"taxonomy":"product_brand","embeddable":true,"href":"https:\/\/cipele.ba\/en\/wp-json\/wp\/v2\/product_brand?post=25887"},{"taxonomy":"product_cat","embeddable":true,"href":"https:\/\/cipele.ba\/en\/wp-json\/wp\/v2\/product_cat?post=25887"},{"taxonomy":"product_tag","embeddable":true,"href":"https:\/\/cipele.ba\/en\/wp-json\/wp\/v2\/product_tag?post=25887"}],"curies":[{"name":"wp","href":"https:\/\/api.w.org\/{rel}","templated":true}]}}