{"id":25891,"date":"2025-10-13T21:48:11","date_gmt":"2025-10-13T21:48:11","guid":{"rendered":"https:\/\/cipele.ba\/shop\/uncategorized\/skechers-mega-surge\/"},"modified":"2026-04-18T18:35:23","modified_gmt":"2026-04-18T18:35:23","slug":"skechers-mega-surge","status":"publish","type":"product","link":"https:\/\/cipele.ba\/en\/shop\/djeca\/djecije-cizme\/skechers-mega-surge\/","title":{"rendered":"Skechers Mega-Surge"},"content":{"rendered":"<\/p>\n<p> Osvijetlite svoju zabavu u udobnim Skechers Mega Surge dje\u010dijim \u010dizmama za male dje\u010dake. <\/p>\n<p> Ove \u010dizme imaju mre\u017easto i sinteti\u010dko gornji\u0161te koje je prozra\u010dno i lako se odr\u017eava. Band\u017ei pertle olak\u0161avaju obuvanje i izuvanje malih, nemirnih stopala. Srednji \u0111on apsorbuje udarce i ima zanimljiv, svjetlucavi dizajn. Fleksibilni gumeni \u0111on pru\u017ea odli\u010dno prianjanje. <\/p>\n<p> Specifikacija: <\/p>\n<li> Dubok profil <\/li>\n<li> Band\u017ei pertle <\/li>\n<li> Mre\u017easto i sinteti\u010dko gornji\u0161te <\/li>\n<li> Fleksibilni gumeni \u0111on <\/li>","protected":false},"excerpt":{"rendered":"<p>Osvijetlite svoju zabavu u udobnim Skechers Mega Surge dje\u010dijim \u010dizmama za male dje\u010dake. Ove \u010dizme imaju mre\u017easto i sinteti\u010dko gornji\u0161te koje je prozra\u010dno i lako se odr\u017eava. Band\u017ei pertle olak\u0161avaju obuvanje i izuvanje malih, nemirnih stopala. Srednji \u0111on apsorbuje udarce i ima zanimljiv, svjetlucavi dizajn. Fleksibilni gumeni \u0111on pru\u017ea odli\u010dno prianjanje. Specifikacija: Dubok profil Band\u017ei [&hellip;]<\/p>","protected":false},"featured_media":25888,"template":"","meta":{"jetpack_post_was_ever_published":false},"product_brand":[94],"product_cat":[60],"product_tag":[],"class_list":{"0":"post-25891","1":"product","2":"type-product","3":"status-publish","4":"has-post-thumbnail","6":"product_brand-sport_vision","7":"product_cat-djecije-cizme","9":"first","10":"instock","11":"sale","12":"shipping-taxable","13":"product-type-external"},"jetpack-related-posts":[],"jetpack_sharing_enabled":true,"_links":{"self":[{"href":"https:\/\/cipele.ba\/en\/wp-json\/wp\/v2\/product\/25891","targetHints":{"allow":["GET"]}}],"collection":[{"href":"https:\/\/cipele.ba\/en\/wp-json\/wp\/v2\/product"}],"about":[{"href":"https:\/\/cipele.ba\/en\/wp-json\/wp\/v2\/types\/product"}],"wp:featuredmedia":[{"embeddable":true,"href":"https:\/\/cipele.ba\/en\/wp-json\/wp\/v2\/media\/25888"}],"wp:attachment":[{"href":"https:\/\/cipele.ba\/en\/wp-json\/wp\/v2\/media?parent=25891"}],"wp:term":[{"taxonomy":"product_brand","embeddable":true,"href":"https:\/\/cipele.ba\/en\/wp-json\/wp\/v2\/product_brand?post=25891"},{"taxonomy":"product_cat","embeddable":true,"href":"https:\/\/cipele.ba\/en\/wp-json\/wp\/v2\/product_cat?post=25891"},{"taxonomy":"product_tag","embeddable":true,"href":"https:\/\/cipele.ba\/en\/wp-json\/wp\/v2\/product_tag?post=25891"}],"curies":[{"name":"wp","href":"https:\/\/api.w.org\/{rel}","templated":true}]}}