{"id":25893,"date":"2025-10-13T21:48:12","date_gmt":"2025-10-13T21:48:12","guid":{"rendered":"https:\/\/cipele.ba\/shop\/uncategorized\/adidas-fortatrail-boa\/"},"modified":"2026-04-18T19:00:19","modified_gmt":"2026-04-18T19:00:19","slug":"adidas-fortatrail-boa","status":"publish","type":"product","link":"https:\/\/cipele.ba\/en\/shop\/djeca\/djecije-cizme\/adidas-fortatrail-boa\/","title":{"rendered":"adidas FORTATRAIL BOA"},"content":{"rendered":"<\/p>\n<p> adidas FORTATRAIL BOA dje\u010dije uniseks patike su postavljene flisom kako bi nemirna i zauzeta dje\u010dija stopala bila topla. <\/p>\n<p> Od skakanja po baricama do pravljenja snje\u0161ka, uz hladno vrijeme dolazi i zabava na otvorenom. Prianjaju\u0107i Traxion \u0111on poma\u017ee djeci da ostanu na nogama, \u010dak i na klizavom ili neravnom terenu. BOA\u00ae Fit sistem obec\u0301ava precizno pristajanje i \u010dini obuvanje brzim i bez muke. Napravljeno od niza recikliranih materijala, njihovo gornji\u0161te ima najmanje 50% recikliranog sadr\u017eaja. Ovaj proizvod predstavlja samo jedno od adidas rje\u0161enja za okon\u010danje plasti\u010dnog otpada. <\/p>\n<p> Specifikacija: <\/p>\n<li> Dubok profil <\/li>\n<li> BOA\u00ae Fit sistem <\/li>\n<li> Traxion \u0111on <\/li>","protected":false},"excerpt":{"rendered":"<p>adidas FORTATRAIL BOA dje\u010dije uniseks patike su postavljene flisom kako bi nemirna i zauzeta dje\u010dija stopala bila topla. Od skakanja po baricama do pravljenja snje\u0161ka, uz hladno vrijeme dolazi i zabava na otvorenom. Prianjaju\u0107i Traxion \u0111on poma\u017ee djeci da ostanu na nogama, \u010dak i na klizavom ili neravnom terenu. BOA\u00ae Fit sistem obec\u0301ava precizno pristajanje [&hellip;]<\/p>","protected":false},"featured_media":25890,"template":"","meta":{"jetpack_post_was_ever_published":false},"product_brand":[94],"product_cat":[60],"product_tag":[],"class_list":{"0":"post-25893","1":"product","2":"type-product","3":"status-publish","4":"has-post-thumbnail","6":"product_brand-sport_vision","7":"product_cat-djecije-cizme","9":"first","10":"instock","11":"sale","12":"shipping-taxable","13":"product-type-external"},"jetpack-related-posts":[],"jetpack_sharing_enabled":true,"_links":{"self":[{"href":"https:\/\/cipele.ba\/en\/wp-json\/wp\/v2\/product\/25893","targetHints":{"allow":["GET"]}}],"collection":[{"href":"https:\/\/cipele.ba\/en\/wp-json\/wp\/v2\/product"}],"about":[{"href":"https:\/\/cipele.ba\/en\/wp-json\/wp\/v2\/types\/product"}],"wp:featuredmedia":[{"embeddable":true,"href":"https:\/\/cipele.ba\/en\/wp-json\/wp\/v2\/media\/25890"}],"wp:attachment":[{"href":"https:\/\/cipele.ba\/en\/wp-json\/wp\/v2\/media?parent=25893"}],"wp:term":[{"taxonomy":"product_brand","embeddable":true,"href":"https:\/\/cipele.ba\/en\/wp-json\/wp\/v2\/product_brand?post=25893"},{"taxonomy":"product_cat","embeddable":true,"href":"https:\/\/cipele.ba\/en\/wp-json\/wp\/v2\/product_cat?post=25893"},{"taxonomy":"product_tag","embeddable":true,"href":"https:\/\/cipele.ba\/en\/wp-json\/wp\/v2\/product_tag?post=25893"}],"curies":[{"name":"wp","href":"https:\/\/api.w.org\/{rel}","templated":true}]}}