{"id":25897,"date":"2025-10-13T21:48:14","date_gmt":"2025-10-13T21:48:14","guid":{"rendered":"https:\/\/cipele.ba\/shop\/uncategorized\/nike-flex-advance-boot\/"},"modified":"2026-04-18T21:52:15","modified_gmt":"2026-04-18T21:52:15","slug":"nike-flex-advance-boot","status":"publish","type":"product","link":"https:\/\/cipele.ba\/en\/shop\/djeca\/djecije-cizme\/nike-flex-advance-boot\/","title":{"rendered":"Nike Flex Advance Boot"},"content":{"rendered":"<\/p>\n<p> Nike Flex Advance SE \u010dizme za bebe dje\u010dake jer najmla\u0111i uku\u0107ani zaslu\u017euju nezaboravnu zimu u Nike komadima sportske obu\u0107e. <\/p>\n<p> Model je inspirisan dje\u010dijom ma\u0161tom dok se igraju. Zanimljiva grafika i \u017eivotinjski print donose otiske \u0161apa i detalje nalik krznu kako bi podstakli kreativnost i avanturu va\u0161eg mali\u0161ana. Pratite i vi tragove malih stopala dok puze i prave prve korake u snijegu. Otvor \u010dizme je izuzetno \u0161irok tako da stopalo koje raste lako sklizne unutra. Jezi\u010dak za povla\u010denje na peti olak\u0161ava obuvanje. Unakrsni remen se lako mo\u017ee pri\u010dvrstiti jednom rukom za dobro pristajanje. Izdr\u017eljiv komfor zna\u010di kombinaciju mekanog tekstila i sinteti\u010dke ko\u017ee. Unutra\u0161njost je oblo\u017eena flisom visoke dlake, te za najmla\u0111e nema zime ni kada su temperature u minusu. Gumeni \u0111on je optimizovan za razli\u010dite podloge sa trakcijom koja spre\u010dava klizanje. <\/p>\n<p> Specifikacija: <\/p>\n<li> Lifestyle \u010dizme za bebe dje\u010dake <\/li>\n<li> Jezi\u010dak za povla\u010denje <\/li>\n<li> Unakrsni remen za pri\u010dvr\u0161\u0107ivanje <\/li>\n<li> Sastav gornji\u0161ta: sintetika <\/li>\n<li> Unutra\u0161njost od flisa visoke dlake <\/li>\n<li> Gumeni trakcioni \u0111on <\/li>","protected":false},"excerpt":{"rendered":"<p>Nike Flex Advance SE \u010dizme za bebe dje\u010dake jer najmla\u0111i uku\u0107ani zaslu\u017euju nezaboravnu zimu u Nike komadima sportske obu\u0107e. Model je inspirisan dje\u010dijom ma\u0161tom dok se igraju. Zanimljiva grafika i \u017eivotinjski print donose otiske \u0161apa i detalje nalik krznu kako bi podstakli kreativnost i avanturu va\u0161eg mali\u0161ana. Pratite i vi tragove malih stopala dok puze [&hellip;]<\/p>","protected":false},"featured_media":25894,"template":"","meta":{"jetpack_post_was_ever_published":false},"product_brand":[94],"product_cat":[60],"product_tag":[],"class_list":{"0":"post-25897","1":"product","2":"type-product","3":"status-publish","4":"has-post-thumbnail","6":"product_brand-sport_vision","7":"product_cat-djecije-cizme","9":"first","10":"instock","11":"sale","12":"shipping-taxable","13":"product-type-external"},"jetpack-related-posts":[],"jetpack_sharing_enabled":true,"_links":{"self":[{"href":"https:\/\/cipele.ba\/en\/wp-json\/wp\/v2\/product\/25897","targetHints":{"allow":["GET"]}}],"collection":[{"href":"https:\/\/cipele.ba\/en\/wp-json\/wp\/v2\/product"}],"about":[{"href":"https:\/\/cipele.ba\/en\/wp-json\/wp\/v2\/types\/product"}],"wp:featuredmedia":[{"embeddable":true,"href":"https:\/\/cipele.ba\/en\/wp-json\/wp\/v2\/media\/25894"}],"wp:attachment":[{"href":"https:\/\/cipele.ba\/en\/wp-json\/wp\/v2\/media?parent=25897"}],"wp:term":[{"taxonomy":"product_brand","embeddable":true,"href":"https:\/\/cipele.ba\/en\/wp-json\/wp\/v2\/product_brand?post=25897"},{"taxonomy":"product_cat","embeddable":true,"href":"https:\/\/cipele.ba\/en\/wp-json\/wp\/v2\/product_cat?post=25897"},{"taxonomy":"product_tag","embeddable":true,"href":"https:\/\/cipele.ba\/en\/wp-json\/wp\/v2\/product_tag?post=25897"}],"curies":[{"name":"wp","href":"https:\/\/api.w.org\/{rel}","templated":true}]}}