{"id":25909,"date":"2025-10-13T21:48:21","date_gmt":"2025-10-13T21:48:21","guid":{"rendered":"https:\/\/cipele.ba\/shop\/uncategorized\/merrell-snow-crush-3-0-3\/"},"modified":"2026-04-21T16:54:00","modified_gmt":"2026-04-21T16:54:00","slug":"merrell-snow-crush-3-0-3","status":"publish","type":"product","link":"https:\/\/cipele.ba\/en\/shop\/djeca\/djecije-cizme\/merrell-snow-crush-3-0-3\/","title":{"rendered":"Merrell SNOW CRUSH 3.0"},"content":{"rendered":"<\/p>\n<p> MERRELL SNOW CRUSH 3.0 dje\u010dije \u010dizme za starije dje\u010dake dovoljno su tople za sve zimske dane. <\/p>\n<p> Izolacija na gornjoj postavi, prstima i podno\u017eju daje prijatnu toplinu stopalima i na temperaturama do minus 32 stepena celzijusa. Vodootporni gornji dio osigurava da stopala ostanu suva i topla, a posjeduje i postavu protiv neprijatnih mirisa. Prirodna ko\u017ea u gornjem dijelu dodaje na izdr\u017eljivosti i dugotrajnosti. Gumeni \u0111on koji ne ostavlja tragove spre\u010dava proklizavanje i daje sigurnsot va\u0161em koraku. <\/p>\n<p> Specifikacija: <\/p>\n<li> Dje\u010dije \u010dizme za tinejd\u017eere <\/li>\n<li> Ko\u017ea u gornjem dijelu <\/li>\n<li> Vodootproni gornji dio <\/li>\n<li>Postava protiv neprijatnih mirisa <\/li>\n<li>Postava od poliestera<\/li>\n<li>Gumeni \u0111on <\/li>","protected":false},"excerpt":{"rendered":"<p>MERRELL SNOW CRUSH 3.0 dje\u010dije \u010dizme za starije dje\u010dake dovoljno su tople za sve zimske dane. Izolacija na gornjoj postavi, prstima i podno\u017eju daje prijatnu toplinu stopalima i na temperaturama do minus 32 stepena celzijusa. Vodootporni gornji dio osigurava da stopala ostanu suva i topla, a posjeduje i postavu protiv neprijatnih mirisa. Prirodna ko\u017ea u [&hellip;]<\/p>","protected":false},"featured_media":25906,"template":"","meta":{"jetpack_post_was_ever_published":false},"product_brand":[94],"product_cat":[60],"product_tag":[],"class_list":{"0":"post-25909","1":"product","2":"type-product","3":"status-publish","4":"has-post-thumbnail","6":"product_brand-sport_vision","7":"product_cat-djecije-cizme","9":"first","10":"instock","11":"sale","12":"shipping-taxable","13":"product-type-external"},"jetpack-related-posts":[],"jetpack_sharing_enabled":true,"_links":{"self":[{"href":"https:\/\/cipele.ba\/en\/wp-json\/wp\/v2\/product\/25909","targetHints":{"allow":["GET"]}}],"collection":[{"href":"https:\/\/cipele.ba\/en\/wp-json\/wp\/v2\/product"}],"about":[{"href":"https:\/\/cipele.ba\/en\/wp-json\/wp\/v2\/types\/product"}],"wp:featuredmedia":[{"embeddable":true,"href":"https:\/\/cipele.ba\/en\/wp-json\/wp\/v2\/media\/25906"}],"wp:attachment":[{"href":"https:\/\/cipele.ba\/en\/wp-json\/wp\/v2\/media?parent=25909"}],"wp:term":[{"taxonomy":"product_brand","embeddable":true,"href":"https:\/\/cipele.ba\/en\/wp-json\/wp\/v2\/product_brand?post=25909"},{"taxonomy":"product_cat","embeddable":true,"href":"https:\/\/cipele.ba\/en\/wp-json\/wp\/v2\/product_cat?post=25909"},{"taxonomy":"product_tag","embeddable":true,"href":"https:\/\/cipele.ba\/en\/wp-json\/wp\/v2\/product_tag?post=25909"}],"curies":[{"name":"wp","href":"https:\/\/api.w.org\/{rel}","templated":true}]}}