{"id":25910,"date":"2025-10-13T21:48:21","date_gmt":"2025-10-13T21:48:21","guid":{"rendered":"https:\/\/cipele.ba\/shop\/uncategorized\/merrell-snow-bank-3-0-waterproof\/"},"modified":"2026-04-21T15:12:20","modified_gmt":"2026-04-21T15:12:20","slug":"merrell-snow-bank-3-0-waterproof","status":"publish","type":"product","link":"https:\/\/cipele.ba\/en\/shop\/djeca\/djecije-cizme\/merrell-snow-bank-3-0-waterproof\/","title":{"rendered":"Merrell SNOW BANK 3.0 Waterproof"},"content":{"rendered":"<\/p>\n<p> Marrell SNOW BANK su dje\u010dije zimske \u010dizme koje odgovaraju na sve izazove koje donose hladni zimski dani. <\/p>\n<p> Marrell je \u010duvena ameri\u010dka sportska ku\u0107a koja koristi najnovije inovacije kako bi stvorila proizvode koji su izdr\u017eljivi i trajni. Ove \u010dizme su lagano postavljene, ali zahvaljuju\u0107i inovativnim tehnologijama noge va\u0161eg djeteta ostaju utopljene i suve, \u010dak i kada je napolju veliki minus. One su vodootporne, lagane i udobne, prije svega. Lako se obuvaju, lako se izuvaju. U Marrell SNOW BANK dje\u010dijim zimskim \u010dizmama zimske \u010darolije su zaista \u010darobne. <\/p>\n<p> Specifikacija: <\/p>\n<li> Dje\u010dije zimske \u010dizme <\/li>\n<li> Vodootporne \u010dizme <\/li>","protected":false},"excerpt":{"rendered":"<p>Marrell SNOW BANK su dje\u010dije zimske \u010dizme koje odgovaraju na sve izazove koje donose hladni zimski dani. Marrell je \u010duvena ameri\u010dka sportska ku\u0107a koja koristi najnovije inovacije kako bi stvorila proizvode koji su izdr\u017eljivi i trajni. Ove \u010dizme su lagano postavljene, ali zahvaljuju\u0107i inovativnim tehnologijama noge va\u0161eg djeteta ostaju utopljene i suve, \u010dak i kada [&hellip;]<\/p>","protected":false},"featured_media":25907,"template":"","meta":{"jetpack_post_was_ever_published":false},"product_brand":[94],"product_cat":[60],"product_tag":[],"class_list":{"0":"post-25910","1":"product","2":"type-product","3":"status-publish","4":"has-post-thumbnail","6":"product_brand-sport_vision","7":"product_cat-djecije-cizme","9":"first","10":"instock","11":"sale","12":"shipping-taxable","13":"product-type-external"},"jetpack-related-posts":[],"jetpack_sharing_enabled":true,"_links":{"self":[{"href":"https:\/\/cipele.ba\/en\/wp-json\/wp\/v2\/product\/25910","targetHints":{"allow":["GET"]}}],"collection":[{"href":"https:\/\/cipele.ba\/en\/wp-json\/wp\/v2\/product"}],"about":[{"href":"https:\/\/cipele.ba\/en\/wp-json\/wp\/v2\/types\/product"}],"wp:featuredmedia":[{"embeddable":true,"href":"https:\/\/cipele.ba\/en\/wp-json\/wp\/v2\/media\/25907"}],"wp:attachment":[{"href":"https:\/\/cipele.ba\/en\/wp-json\/wp\/v2\/media?parent=25910"}],"wp:term":[{"taxonomy":"product_brand","embeddable":true,"href":"https:\/\/cipele.ba\/en\/wp-json\/wp\/v2\/product_brand?post=25910"},{"taxonomy":"product_cat","embeddable":true,"href":"https:\/\/cipele.ba\/en\/wp-json\/wp\/v2\/product_cat?post=25910"},{"taxonomy":"product_tag","embeddable":true,"href":"https:\/\/cipele.ba\/en\/wp-json\/wp\/v2\/product_tag?post=25910"}],"curies":[{"name":"wp","href":"https:\/\/api.w.org\/{rel}","templated":true}]}}