{"id":25915,"date":"2025-10-13T21:48:25","date_gmt":"2025-10-13T21:48:25","guid":{"rendered":"https:\/\/cipele.ba\/shop\/uncategorized\/adidas-winterplay\/"},"modified":"2026-04-21T08:45:49","modified_gmt":"2026-04-21T08:45:49","slug":"adidas-winterplay","status":"publish","type":"product","link":"https:\/\/cipele.ba\/en\/shop\/djeca\/djecije-cizme\/adidas-winterplay\/","title":{"rendered":"adidas Winterplay"},"content":{"rendered":"<\/p>\n<p> Bljuzgav sneg, jaka ki\u0161a \u2013 adidas WINTERPLAY de\u010dije uniseks \u010dizme su stvorene za vreme koje deca obo\u017eavaju. <\/p>\n<p> \u010ci\u010dak traka ih \u010dini lakim za obuvanje i izuvanje, kako bi mala stopala mogla brzo da istr\u010de napolje. Najlonsko gornji\u0161te je postavljeno za toplinu, kako bi i po lo\u0161em vremenu bili ugrejani i bezbri\u017eni. Gornji\u0161te ovih \u010dizmica ima najmanje 50% recikliranog materijala. <\/p>\n<p> Specifikacija: <\/p>\n<li> Dubok profil <\/li>\n<li> \u010ci\u010dak traka <\/li>\n<li> Najlonsko gornji\u0161te sa sinteti\u010dkim \u0161titnicima za blato <\/li>\n<li> Postavljene <\/li>","protected":false},"excerpt":{"rendered":"<p>Bljuzgav sneg, jaka ki\u0161a \u2013 adidas WINTERPLAY de\u010dije uniseks \u010dizme su stvorene za vreme koje deca obo\u017eavaju. \u010ci\u010dak traka ih \u010dini lakim za obuvanje i izuvanje, kako bi mala stopala mogla brzo da istr\u010de napolje. Najlonsko gornji\u0161te je postavljeno za toplinu, kako bi i po lo\u0161em vremenu bili ugrejani i bezbri\u017eni. Gornji\u0161te ovih \u010dizmica ima [&hellip;]<\/p>","protected":false},"featured_media":25914,"template":"","meta":{"jetpack_post_was_ever_published":false},"product_brand":[94],"product_cat":[60],"product_tag":[],"class_list":{"0":"post-25915","1":"product","2":"type-product","3":"status-publish","4":"has-post-thumbnail","6":"product_brand-sport_vision","7":"product_cat-djecije-cizme","9":"first","10":"instock","11":"sale","12":"shipping-taxable","13":"product-type-external"},"jetpack-related-posts":[],"jetpack_sharing_enabled":true,"_links":{"self":[{"href":"https:\/\/cipele.ba\/en\/wp-json\/wp\/v2\/product\/25915","targetHints":{"allow":["GET"]}}],"collection":[{"href":"https:\/\/cipele.ba\/en\/wp-json\/wp\/v2\/product"}],"about":[{"href":"https:\/\/cipele.ba\/en\/wp-json\/wp\/v2\/types\/product"}],"wp:featuredmedia":[{"embeddable":true,"href":"https:\/\/cipele.ba\/en\/wp-json\/wp\/v2\/media\/25914"}],"wp:attachment":[{"href":"https:\/\/cipele.ba\/en\/wp-json\/wp\/v2\/media?parent=25915"}],"wp:term":[{"taxonomy":"product_brand","embeddable":true,"href":"https:\/\/cipele.ba\/en\/wp-json\/wp\/v2\/product_brand?post=25915"},{"taxonomy":"product_cat","embeddable":true,"href":"https:\/\/cipele.ba\/en\/wp-json\/wp\/v2\/product_cat?post=25915"},{"taxonomy":"product_tag","embeddable":true,"href":"https:\/\/cipele.ba\/en\/wp-json\/wp\/v2\/product_tag?post=25915"}],"curies":[{"name":"wp","href":"https:\/\/api.w.org\/{rel}","templated":true}]}}