{"id":25919,"date":"2025-10-13T21:48:27","date_gmt":"2025-10-13T21:48:27","guid":{"rendered":"https:\/\/cipele.ba\/shop\/uncategorized\/adidas-fortarun-atr-3\/"},"modified":"2026-04-18T09:22:54","modified_gmt":"2026-04-18T09:22:54","slug":"adidas-fortarun-atr-3","status":"publish","type":"product","link":"https:\/\/cipele.ba\/en\/shop\/djeca\/djecije-cizme\/adidas-fortarun-atr-3\/","title":{"rendered":"adidas FortaRun ATR"},"content":{"rendered":"<\/p>\n<p> adidas FortaRun ATR de\u010dije uniseks patike za tr\u010danje imaju \u010dvrsto ripstop gornji\u0161te i \u0111on dizajniran za sve vrste terena, koji ostaje stabilan na bljuzgavim i blatnjavim ulicama. <\/p>\n<p> Srednji Cloudfoam \u0111on daje meku udobnost, tako da deca mogu da se kre\u0107u samouvereno i u\u017eivaju u ugodnosti. Jer sivi oblaci i niske temperature zahtevaju \u010dvrstu obu\u0107u. Gornji\u0161te ovih patika ima najmanje 50% recikliranog materijala. <\/p>\n<p> Specifikacija: <\/p>\n<li> Plitak profil <\/li>\n<li> Elasti\u010dne pertle sa \u010di\u010dak trakom <\/li>\n<li> Ripstop gornji\u0161te sa be\u0161avnim slojevima <\/li>\n<li> Cloudfoam srednji \u0111on <\/li>\n<li> Tekstilna unutra\u0161njost <\/li>\n<li> Ortholite gazi\u0161te <\/li>","protected":false},"excerpt":{"rendered":"<p>adidas FortaRun ATR de\u010dije uniseks patike za tr\u010danje imaju \u010dvrsto ripstop gornji\u0161te i \u0111on dizajniran za sve vrste terena, koji ostaje stabilan na bljuzgavim i blatnjavim ulicama. Srednji Cloudfoam \u0111on daje meku udobnost, tako da deca mogu da se kre\u0107u samouvereno i u\u017eivaju u ugodnosti. Jer sivi oblaci i niske temperature zahtevaju \u010dvrstu obu\u0107u. Gornji\u0161te [&hellip;]<\/p>","protected":false},"featured_media":25918,"template":"","meta":{"jetpack_post_was_ever_published":false},"product_brand":[94],"product_cat":[60],"product_tag":[],"class_list":{"0":"post-25919","1":"product","2":"type-product","3":"status-publish","4":"has-post-thumbnail","6":"product_brand-sport_vision","7":"product_cat-djecije-cizme","9":"first","10":"instock","11":"sale","12":"shipping-taxable","13":"product-type-external"},"jetpack-related-posts":[],"jetpack_sharing_enabled":true,"_links":{"self":[{"href":"https:\/\/cipele.ba\/en\/wp-json\/wp\/v2\/product\/25919","targetHints":{"allow":["GET"]}}],"collection":[{"href":"https:\/\/cipele.ba\/en\/wp-json\/wp\/v2\/product"}],"about":[{"href":"https:\/\/cipele.ba\/en\/wp-json\/wp\/v2\/types\/product"}],"wp:featuredmedia":[{"embeddable":true,"href":"https:\/\/cipele.ba\/en\/wp-json\/wp\/v2\/media\/25918"}],"wp:attachment":[{"href":"https:\/\/cipele.ba\/en\/wp-json\/wp\/v2\/media?parent=25919"}],"wp:term":[{"taxonomy":"product_brand","embeddable":true,"href":"https:\/\/cipele.ba\/en\/wp-json\/wp\/v2\/product_brand?post=25919"},{"taxonomy":"product_cat","embeddable":true,"href":"https:\/\/cipele.ba\/en\/wp-json\/wp\/v2\/product_cat?post=25919"},{"taxonomy":"product_tag","embeddable":true,"href":"https:\/\/cipele.ba\/en\/wp-json\/wp\/v2\/product_tag?post=25919"}],"curies":[{"name":"wp","href":"https:\/\/api.w.org\/{rel}","templated":true}]}}