{"id":25921,"date":"2025-10-13T21:48:28","date_gmt":"2025-10-13T21:48:28","guid":{"rendered":"https:\/\/cipele.ba\/shop\/uncategorized\/skechers-twisty-brights\/"},"modified":"2026-04-18T10:57:10","modified_gmt":"2026-04-18T10:57:10","slug":"skechers-twisty-brights","status":"publish","type":"product","link":"https:\/\/cipele.ba\/en\/shop\/djeca\/djecije-cizme\/skechers-twisty-brights\/","title":{"rendered":"Skechers Twisty Brights"},"content":{"rendered":"<\/p>\n<p> Omogu\u0107ite va\u0161oj djevoj\u010dici da u\u017eiva u potpunoj udobnosti sa SKECHERS Twisty Brights \u010dizmama. <\/p>\n<p> Platneno i sinteti\u010dko gornji\u0161te sa zvjezdanom \u0161arom obezbje\u0111uje maksimalnu udobnost. Ono ima elasti\u010dne pertle i \u010di\u010dak traku za jednostavno obuvanje i izuvanje. Srednji \u0111on \u0161titi njihova mala stopala apsorbuju\u0107i udare, a uz to i sija za njihovu beskrajnu zabavu i radost. Fleksibilna guma u \u0111onu obezbje\u0111uje savr\u0161eno prianjanje, odr\u017eavaju\u0107i balans \u010dak i na klizavim povr\u0161inama i pru\u017eaju\u0107i im samopouzdanje. <\/p>\n<p> Specifikacija: <\/p>\n<li> Dje\u010dije zimske \u010dizme <\/li>\n<li> Svijetle\u0107i \u0111on <\/li>\n<li> Elasti\u010dne pertle i \u010di\u010dak traka <\/li>\n<li> Platneno i sinteti\u010dko gornji\u0161te <\/li>\n<li> Prekida\u010d za isklju\u010divanje lampica u \u0111onu za ve\u0107e veli\u010dine <\/li>\n<li> Fleksibilni gumeni \u0111on <\/li>","protected":false},"excerpt":{"rendered":"<p>Omogu\u0107ite va\u0161oj djevoj\u010dici da u\u017eiva u potpunoj udobnosti sa SKECHERS Twisty Brights \u010dizmama. Platneno i sinteti\u010dko gornji\u0161te sa zvjezdanom \u0161arom obezbje\u0111uje maksimalnu udobnost. Ono ima elasti\u010dne pertle i \u010di\u010dak traku za jednostavno obuvanje i izuvanje. Srednji \u0111on \u0161titi njihova mala stopala apsorbuju\u0107i udare, a uz to i sija za njihovu beskrajnu zabavu i radost. Fleksibilna [&hellip;]<\/p>","protected":false},"featured_media":25920,"template":"","meta":{"jetpack_post_was_ever_published":false},"product_brand":[94],"product_cat":[60],"product_tag":[],"class_list":{"0":"post-25921","1":"product","2":"type-product","3":"status-publish","4":"has-post-thumbnail","6":"product_brand-sport_vision","7":"product_cat-djecije-cizme","9":"first","10":"instock","11":"sale","12":"shipping-taxable","13":"product-type-external"},"jetpack-related-posts":[],"jetpack_sharing_enabled":true,"_links":{"self":[{"href":"https:\/\/cipele.ba\/en\/wp-json\/wp\/v2\/product\/25921","targetHints":{"allow":["GET"]}}],"collection":[{"href":"https:\/\/cipele.ba\/en\/wp-json\/wp\/v2\/product"}],"about":[{"href":"https:\/\/cipele.ba\/en\/wp-json\/wp\/v2\/types\/product"}],"wp:featuredmedia":[{"embeddable":true,"href":"https:\/\/cipele.ba\/en\/wp-json\/wp\/v2\/media\/25920"}],"wp:attachment":[{"href":"https:\/\/cipele.ba\/en\/wp-json\/wp\/v2\/media?parent=25921"}],"wp:term":[{"taxonomy":"product_brand","embeddable":true,"href":"https:\/\/cipele.ba\/en\/wp-json\/wp\/v2\/product_brand?post=25921"},{"taxonomy":"product_cat","embeddable":true,"href":"https:\/\/cipele.ba\/en\/wp-json\/wp\/v2\/product_cat?post=25921"},{"taxonomy":"product_tag","embeddable":true,"href":"https:\/\/cipele.ba\/en\/wp-json\/wp\/v2\/product_tag?post=25921"}],"curies":[{"name":"wp","href":"https:\/\/api.w.org\/{rel}","templated":true}]}}