{"id":25925,"date":"2025-10-13T21:48:30","date_gmt":"2025-10-13T21:48:30","guid":{"rendered":"https:\/\/cipele.ba\/shop\/uncategorized\/skechers-tech-grip\/"},"modified":"2026-04-18T14:28:43","modified_gmt":"2026-04-18T14:28:43","slug":"skechers-tech-grip","status":"publish","type":"product","link":"https:\/\/cipele.ba\/en\/shop\/djeca\/djecije-cizme\/skechers-tech-grip\/","title":{"rendered":"Skechers Tech-Grip"},"content":{"rendered":"<\/p>\n<p> Opremite se sa stilom i nosite Skechers Tech-Grip dje\u010dije outdoor patike za dje\u010dake. <\/p>\n<p> Vodootporne patike sa zape\u010da\u0107enim \u0161avovima imaju dizajn koji se lako obuva. Mre\u017easto i sinteti\u010dko gornji\u0161te je prozra\u010dno i lako se odr\u017eava. Rastegljivi prednji dio nudi prilago\u0111eno i udobno pristajanje. Tehni\u010dki srednji \u0111on \u0161titi stopalo i apsorbuje udarce. Udoban ulo\u017eak omogu\u0107ava lake korake dok fleksibilni gumeni \u0111on pru\u017ea odli\u010dno prianjanje. <\/p>\n<p> Specifikacija: <\/p>\n<li> Poludubok profil <\/li>\n<li> Elasti\u010dne pertle i traka <\/li>\n<li> Vodootporne <\/li>\n<li> Zape\u010da\u0107eni \u0161avovi <\/li>\n<li> Mre\u017easto i sinteti\u010dko gornji\u0161te <\/li>\n<li> Tehni\u010dki srednji \u0111on <\/li>\n<li> Udoban ulo\u017eak <\/li>\n<li> Fleksibilni gumeni \u0111on <\/li>","protected":false},"excerpt":{"rendered":"<p>Opremite se sa stilom i nosite Skechers Tech-Grip dje\u010dije outdoor patike za dje\u010dake. Vodootporne patike sa zape\u010da\u0107enim \u0161avovima imaju dizajn koji se lako obuva. Mre\u017easto i sinteti\u010dko gornji\u0161te je prozra\u010dno i lako se odr\u017eava. Rastegljivi prednji dio nudi prilago\u0111eno i udobno pristajanje. Tehni\u010dki srednji \u0111on \u0161titi stopalo i apsorbuje udarce. Udoban ulo\u017eak omogu\u0107ava lake korake [&hellip;]<\/p>","protected":false},"featured_media":25924,"template":"","meta":{"jetpack_post_was_ever_published":false},"product_brand":[94],"product_cat":[60],"product_tag":[],"class_list":{"0":"post-25925","1":"product","2":"type-product","3":"status-publish","4":"has-post-thumbnail","6":"product_brand-sport_vision","7":"product_cat-djecije-cizme","9":"first","10":"instock","11":"sale","12":"shipping-taxable","13":"product-type-external"},"jetpack-related-posts":[],"jetpack_sharing_enabled":true,"_links":{"self":[{"href":"https:\/\/cipele.ba\/en\/wp-json\/wp\/v2\/product\/25925","targetHints":{"allow":["GET"]}}],"collection":[{"href":"https:\/\/cipele.ba\/en\/wp-json\/wp\/v2\/product"}],"about":[{"href":"https:\/\/cipele.ba\/en\/wp-json\/wp\/v2\/types\/product"}],"wp:featuredmedia":[{"embeddable":true,"href":"https:\/\/cipele.ba\/en\/wp-json\/wp\/v2\/media\/25924"}],"wp:attachment":[{"href":"https:\/\/cipele.ba\/en\/wp-json\/wp\/v2\/media?parent=25925"}],"wp:term":[{"taxonomy":"product_brand","embeddable":true,"href":"https:\/\/cipele.ba\/en\/wp-json\/wp\/v2\/product_brand?post=25925"},{"taxonomy":"product_cat","embeddable":true,"href":"https:\/\/cipele.ba\/en\/wp-json\/wp\/v2\/product_cat?post=25925"},{"taxonomy":"product_tag","embeddable":true,"href":"https:\/\/cipele.ba\/en\/wp-json\/wp\/v2\/product_tag?post=25925"}],"curies":[{"name":"wp","href":"https:\/\/api.w.org\/{rel}","templated":true}]}}