{"id":25929,"date":"2025-10-13T21:48:32","date_gmt":"2025-10-13T21:48:32","guid":{"rendered":"https:\/\/cipele.ba\/shop\/uncategorized\/skechers-s-lights-remix\/"},"modified":"2026-04-18T18:37:00","modified_gmt":"2026-04-18T18:37:00","slug":"skechers-s-lights-remix","status":"publish","type":"product","link":"https:\/\/cipele.ba\/en\/shop\/djeca\/djecije-cizme\/skechers-s-lights-remix\/","title":{"rendered":"Skechers S-Lights Remix"},"content":{"rendered":"<\/p>\n<p> Osjetite ritam i vidite ga u Skechers S-Lights\u00ae Remix dje\u010dijim patikama za dje\u010dake. <\/p>\n<p> Glatko sinteti\u010dko gornji\u0161te ima USB ulaz, pa se lako mo\u017ee napuniti. Svijetle\u0107i \u0111on se lako aktivira zvukom, a sadr\u017ei i dugme za uklju\u010divanje i isklju\u010divanje. Udoban ulo\u017eak omogu\u0107ava lake korake dok fleksibilni gumeni \u0111on pru\u017ea odli\u010dno prianjanje. <\/p>\n<p> Specifikacija: <\/p>\n<li> Dubok profil <\/li>\n<li> Pertlanje <\/li>\n<li> Glatko sinteti\u010dko gornji\u0161te <\/li>\n<li> USB ulaz <\/li>\n<li> Dugme za uklju\u010divanje i isklju\u010divanje lampica <\/li>\n<li> Udoban ulo\u017eak <\/li>\n<li> Fleksibilni gumeni \u0111on <\/li>","protected":false},"excerpt":{"rendered":"<p>Osjetite ritam i vidite ga u Skechers S-Lights\u00ae Remix dje\u010dijim patikama za dje\u010dake. Glatko sinteti\u010dko gornji\u0161te ima USB ulaz, pa se lako mo\u017ee napuniti. Svijetle\u0107i \u0111on se lako aktivira zvukom, a sadr\u017ei i dugme za uklju\u010divanje i isklju\u010divanje. Udoban ulo\u017eak omogu\u0107ava lake korake dok fleksibilni gumeni \u0111on pru\u017ea odli\u010dno prianjanje. Specifikacija: Dubok profil Pertlanje Glatko [&hellip;]<\/p>","protected":false},"featured_media":25928,"template":"","meta":{"jetpack_post_was_ever_published":false},"product_brand":[94],"product_cat":[60],"product_tag":[],"class_list":{"0":"post-25929","1":"product","2":"type-product","3":"status-publish","4":"has-post-thumbnail","6":"product_brand-sport_vision","7":"product_cat-djecije-cizme","9":"first","10":"instock","11":"sale","12":"shipping-taxable","13":"product-type-external"},"jetpack-related-posts":[],"jetpack_sharing_enabled":true,"_links":{"self":[{"href":"https:\/\/cipele.ba\/en\/wp-json\/wp\/v2\/product\/25929","targetHints":{"allow":["GET"]}}],"collection":[{"href":"https:\/\/cipele.ba\/en\/wp-json\/wp\/v2\/product"}],"about":[{"href":"https:\/\/cipele.ba\/en\/wp-json\/wp\/v2\/types\/product"}],"wp:featuredmedia":[{"embeddable":true,"href":"https:\/\/cipele.ba\/en\/wp-json\/wp\/v2\/media\/25928"}],"wp:attachment":[{"href":"https:\/\/cipele.ba\/en\/wp-json\/wp\/v2\/media?parent=25929"}],"wp:term":[{"taxonomy":"product_brand","embeddable":true,"href":"https:\/\/cipele.ba\/en\/wp-json\/wp\/v2\/product_brand?post=25929"},{"taxonomy":"product_cat","embeddable":true,"href":"https:\/\/cipele.ba\/en\/wp-json\/wp\/v2\/product_cat?post=25929"},{"taxonomy":"product_tag","embeddable":true,"href":"https:\/\/cipele.ba\/en\/wp-json\/wp\/v2\/product_tag?post=25929"}],"curies":[{"name":"wp","href":"https:\/\/api.w.org\/{rel}","templated":true}]}}