{"id":25937,"date":"2025-10-13T21:48:36","date_gmt":"2025-10-13T21:48:36","guid":{"rendered":"https:\/\/cipele.ba\/shop\/uncategorized\/champion-veto-2\/"},"modified":"2026-04-19T02:21:25","modified_gmt":"2026-04-19T02:21:25","slug":"champion-veto-2","status":"publish","type":"product","link":"https:\/\/cipele.ba\/en\/shop\/djeca\/djecije-cizme\/champion-veto-2\/","title":{"rendered":"Champion Veto"},"content":{"rendered":"<\/p>\n<p> Neka prve zime va\u0161eg najmla\u0111eg \u010dlana budu nezaboravne u Champion Veto \u010dizmama za dje\u010dake. <\/p>\n<p> Vi, beba i Champion stvarate najbolje zajedni\u010dke uspomene. Neka va\u0161i klinci u\u017eivaju u udobnosti modela dok prave grudve i prve sigurne korake. Dizajnom i izborom boja dobijate obu\u0107u koja se sla\u017ee sa svakom modnom kombinacijom. Champion Veto \u010dizma miluje stopalo i odr\u017eava ga suvim zahvaljuju\u0107i vodootpornim svojstvima. Gornji\u0161te od sinteti\u010dke ko\u017ee i najlona daje pravu mjeru izdr\u017eljivosti i udobnosti, a osim toga lako se odr\u017eava \u010distim. Gumeni \u0111on pru\u017ea sigurnost stopalu, dok EVA srednji \u0111on obezbje\u0111uje hodanje kao po oblaku. <\/p>\n<p> Specifikacija: <\/p>\n<li> Lifestyle \u010dizme za najmla\u0111e dje\u010dake <\/li>\n<li> Vodootporne <\/li>\n<li> Ukra\u0161ene Champion simbolom <\/li>\n<li> Sastav gornji\u0161ta: poliuretan, najlon <\/li>\n<li> \u0110on: guma, EVA <\/li>","protected":false},"excerpt":{"rendered":"<p>Neka prve zime va\u0161eg najmla\u0111eg \u010dlana budu nezaboravne u Champion Veto \u010dizmama za dje\u010dake. Vi, beba i Champion stvarate najbolje zajedni\u010dke uspomene. Neka va\u0161i klinci u\u017eivaju u udobnosti modela dok prave grudve i prve sigurne korake. Dizajnom i izborom boja dobijate obu\u0107u koja se sla\u017ee sa svakom modnom kombinacijom. Champion Veto \u010dizma miluje stopalo i [&hellip;]<\/p>","protected":false},"featured_media":25936,"template":"","meta":{"jetpack_post_was_ever_published":false},"product_brand":[94],"product_cat":[60],"product_tag":[],"class_list":{"0":"post-25937","1":"product","2":"type-product","3":"status-publish","4":"has-post-thumbnail","6":"product_brand-sport_vision","7":"product_cat-djecije-cizme","9":"first","10":"instock","11":"sale","12":"shipping-taxable","13":"product-type-external"},"jetpack-related-posts":[],"jetpack_sharing_enabled":true,"_links":{"self":[{"href":"https:\/\/cipele.ba\/en\/wp-json\/wp\/v2\/product\/25937","targetHints":{"allow":["GET"]}}],"collection":[{"href":"https:\/\/cipele.ba\/en\/wp-json\/wp\/v2\/product"}],"about":[{"href":"https:\/\/cipele.ba\/en\/wp-json\/wp\/v2\/types\/product"}],"wp:featuredmedia":[{"embeddable":true,"href":"https:\/\/cipele.ba\/en\/wp-json\/wp\/v2\/media\/25936"}],"wp:attachment":[{"href":"https:\/\/cipele.ba\/en\/wp-json\/wp\/v2\/media?parent=25937"}],"wp:term":[{"taxonomy":"product_brand","embeddable":true,"href":"https:\/\/cipele.ba\/en\/wp-json\/wp\/v2\/product_brand?post=25937"},{"taxonomy":"product_cat","embeddable":true,"href":"https:\/\/cipele.ba\/en\/wp-json\/wp\/v2\/product_cat?post=25937"},{"taxonomy":"product_tag","embeddable":true,"href":"https:\/\/cipele.ba\/en\/wp-json\/wp\/v2\/product_tag?post=25937"}],"curies":[{"name":"wp","href":"https:\/\/api.w.org\/{rel}","templated":true}]}}