{"id":26234,"date":"2025-10-13T22:06:40","date_gmt":"2025-10-13T22:06:40","guid":{"rendered":"https:\/\/cipele.ba\/shop\/uncategorized\/mont-hoka\/"},"modified":"2026-04-18T18:54:11","modified_gmt":"2026-04-18T18:54:11","slug":"mont-hoka","status":"publish","type":"product","link":"https:\/\/cipele.ba\/en\/shop\/zene\/zenske-cizme\/mont-hoka\/","title":{"rendered":"Mont Hoka"},"content":{"rendered":"<\/p>\n<p> Mont Hoka \u017eenske outdoor \u010dizme su dizajnirane za \u017eene koje tra\u017ee izdr\u017eljivost, udobnost i za\u0161titu u svim uslovima na otvorenom.<\/p>\n<\/p>\n<p> <b>Detalji<\/b> <\/p>\n<li> MTEX vodootporna tehnologija omogu\u0107ava da va\u0161a stopala ostanu suva i da vam bude prijatno, \u010dak i u vla\u017enim i blatnjavim uslovima <\/li>\n<li> Gumeni \u0111on pru\u017ea vrhunsko prianjanje i stabilnost na razli\u010ditim terenima <\/li>\n<li> Duboki dizajn pru\u017ea vrhunsku potporu i za\u0161titu \u010dlanka, idealan za te\u0161ke staze <\/li>\n<li> Pertlanje <\/li>","protected":false},"excerpt":{"rendered":"<p>Mont Hoka \u017eenske outdoor \u010dizme su dizajnirane za \u017eene koje tra\u017ee izdr\u017eljivost, udobnost i za\u0161titu u svim uslovima na otvorenom. Detalji MTEX vodootporna tehnologija omogu\u0107ava da va\u0161a stopala ostanu suva i da vam bude prijatno, \u010dak i u vla\u017enim i blatnjavim uslovima Gumeni \u0111on pru\u017ea vrhunsko prianjanje i stabilnost na razli\u010ditim terenima Duboki dizajn pru\u017ea [&hellip;]<\/p>","protected":false},"featured_media":26231,"template":"","meta":{"jetpack_post_was_ever_published":false},"product_brand":[94],"product_cat":[81],"product_tag":[],"class_list":{"0":"post-26234","1":"product","2":"type-product","3":"status-publish","4":"has-post-thumbnail","6":"product_brand-sport_vision","7":"product_cat-zenske-cizme","9":"first","10":"instock","11":"sale","12":"shipping-taxable","13":"product-type-external"},"jetpack-related-posts":[],"jetpack_sharing_enabled":true,"_links":{"self":[{"href":"https:\/\/cipele.ba\/en\/wp-json\/wp\/v2\/product\/26234","targetHints":{"allow":["GET"]}}],"collection":[{"href":"https:\/\/cipele.ba\/en\/wp-json\/wp\/v2\/product"}],"about":[{"href":"https:\/\/cipele.ba\/en\/wp-json\/wp\/v2\/types\/product"}],"wp:featuredmedia":[{"embeddable":true,"href":"https:\/\/cipele.ba\/en\/wp-json\/wp\/v2\/media\/26231"}],"wp:attachment":[{"href":"https:\/\/cipele.ba\/en\/wp-json\/wp\/v2\/media?parent=26234"}],"wp:term":[{"taxonomy":"product_brand","embeddable":true,"href":"https:\/\/cipele.ba\/en\/wp-json\/wp\/v2\/product_brand?post=26234"},{"taxonomy":"product_cat","embeddable":true,"href":"https:\/\/cipele.ba\/en\/wp-json\/wp\/v2\/product_cat?post=26234"},{"taxonomy":"product_tag","embeddable":true,"href":"https:\/\/cipele.ba\/en\/wp-json\/wp\/v2\/product_tag?post=26234"}],"curies":[{"name":"wp","href":"https:\/\/api.w.org\/{rel}","templated":true}]}}