{"id":26260,"date":"2025-10-13T22:06:54","date_gmt":"2025-10-13T22:06:54","guid":{"rendered":"https:\/\/cipele.ba\/shop\/uncategorized\/moon-boot-icon-nylon-3\/"},"modified":"2026-04-18T20:43:13","modified_gmt":"2026-04-18T20:43:13","slug":"moon-boot-icon-nylon-3","status":"publish","type":"product","link":"https:\/\/cipele.ba\/en\/shop\/zene\/zenske-cizme\/moon-boot-icon-nylon-3\/","title":{"rendered":"Moon Boot Icon Nylon"},"content":{"rendered":"<\/p>\n<p> Inspirisane sletanjem na Mesec 1969. godine, \u017eenske \u010dizme Moon Boot Icon Nylon imaju sve karakteristike originalnog modela. <\/p>\n<\/p>\n<p> <b> Detalji <\/b> <\/p>\n<li> Dizajn je upotpunjen vodootpornim karakteristikama i oja\u010danom petom <\/li>\n<li> Termoplasti\u010dni srednji \u0111on poznat je po svojoj izdr\u017eljivosti i sposobnosti da pru\u017ei odli\u010dnu amortizaciju <\/li>\n<li> Gumeni \u0111on pobolj\u0161ava trakciju i stabilnost na klizavim ili neravnim povr\u0161inama <\/li>\n<li> Podstava od pjene omogu\u0107ava da obu\u0107a bude udobna za no\u0161enje <\/li>","protected":false},"excerpt":{"rendered":"<p>Inspirisane sletanjem na Mesec 1969. godine, \u017eenske \u010dizme Moon Boot Icon Nylon imaju sve karakteristike originalnog modela. Detalji Dizajn je upotpunjen vodootpornim karakteristikama i oja\u010danom petom Termoplasti\u010dni srednji \u0111on poznat je po svojoj izdr\u017eljivosti i sposobnosti da pru\u017ei odli\u010dnu amortizaciju Gumeni \u0111on pobolj\u0161ava trakciju i stabilnost na klizavim ili neravnim povr\u0161inama Podstava od pjene omogu\u0107ava [&hellip;]<\/p>","protected":false},"featured_media":26259,"template":"","meta":{"jetpack_post_was_ever_published":false},"product_brand":[94],"product_cat":[81],"product_tag":[],"class_list":{"0":"post-26260","1":"product","2":"type-product","3":"status-publish","4":"has-post-thumbnail","6":"product_brand-sport_vision","7":"product_cat-zenske-cizme","9":"first","10":"instock","11":"sale","12":"shipping-taxable","13":"product-type-external"},"jetpack-related-posts":[],"jetpack_sharing_enabled":true,"_links":{"self":[{"href":"https:\/\/cipele.ba\/en\/wp-json\/wp\/v2\/product\/26260","targetHints":{"allow":["GET"]}}],"collection":[{"href":"https:\/\/cipele.ba\/en\/wp-json\/wp\/v2\/product"}],"about":[{"href":"https:\/\/cipele.ba\/en\/wp-json\/wp\/v2\/types\/product"}],"wp:featuredmedia":[{"embeddable":true,"href":"https:\/\/cipele.ba\/en\/wp-json\/wp\/v2\/media\/26259"}],"wp:attachment":[{"href":"https:\/\/cipele.ba\/en\/wp-json\/wp\/v2\/media?parent=26260"}],"wp:term":[{"taxonomy":"product_brand","embeddable":true,"href":"https:\/\/cipele.ba\/en\/wp-json\/wp\/v2\/product_brand?post=26260"},{"taxonomy":"product_cat","embeddable":true,"href":"https:\/\/cipele.ba\/en\/wp-json\/wp\/v2\/product_cat?post=26260"},{"taxonomy":"product_tag","embeddable":true,"href":"https:\/\/cipele.ba\/en\/wp-json\/wp\/v2\/product_tag?post=26260"}],"curies":[{"name":"wp","href":"https:\/\/api.w.org\/{rel}","templated":true}]}}