{"id":26268,"date":"2025-10-13T22:06:58","date_gmt":"2025-10-13T22:06:58","guid":{"rendered":"https:\/\/cipele.ba\/shop\/uncategorized\/columbia-snowtrot\/"},"modified":"2026-04-21T13:45:26","modified_gmt":"2026-04-21T13:45:26","slug":"columbia-snowtrot","status":"publish","type":"product","link":"https:\/\/cipele.ba\/en\/shop\/zene\/zenske-cizme\/columbia-snowtrot\/","title":{"rendered":"Columbia Snowtrot\u2122"},"content":{"rendered":"<\/p>\n<p> Udobne, prijatne i moderne, ove vodootporne Columbia Snowtrot\u2122 \u017eenske \u010dizme imaju izolaciju od 200 g, postavu od flisa i reflektuju\u0107u tehnologiju koja vam odr\u017eava stopala toplim i suvim bez obzira na vremenske prilike. <\/p>\n<\/p>\n<p> <b> DETALJI <\/b> <\/p>\n<li> Bo\u010dni rajsfer\u0161lusa za lak pristup <\/li>\n<li> Lagani srednji \u0111on <\/li>\n<li> Izdr\u017eljiv spoljni \u0111on <\/li>","protected":false},"excerpt":{"rendered":"<p>Udobne, prijatne i moderne, ove vodootporne Columbia Snowtrot\u2122 \u017eenske \u010dizme imaju izolaciju od 200 g, postavu od flisa i reflektuju\u0107u tehnologiju koja vam odr\u017eava stopala toplim i suvim bez obzira na vremenske prilike. DETALJI Bo\u010dni rajsfer\u0161lusa za lak pristup Lagani srednji \u0111on Izdr\u017eljiv spoljni \u0111on<\/p>","protected":false},"featured_media":26265,"template":"","meta":{"jetpack_post_was_ever_published":false},"product_brand":[94],"product_cat":[81],"product_tag":[],"class_list":{"0":"post-26268","1":"product","2":"type-product","3":"status-publish","4":"has-post-thumbnail","6":"product_brand-sport_vision","7":"product_cat-zenske-cizme","9":"first","10":"instock","11":"sale","12":"shipping-taxable","13":"product-type-external"},"jetpack-related-posts":[],"jetpack_sharing_enabled":true,"_links":{"self":[{"href":"https:\/\/cipele.ba\/en\/wp-json\/wp\/v2\/product\/26268","targetHints":{"allow":["GET"]}}],"collection":[{"href":"https:\/\/cipele.ba\/en\/wp-json\/wp\/v2\/product"}],"about":[{"href":"https:\/\/cipele.ba\/en\/wp-json\/wp\/v2\/types\/product"}],"wp:featuredmedia":[{"embeddable":true,"href":"https:\/\/cipele.ba\/en\/wp-json\/wp\/v2\/media\/26265"}],"wp:attachment":[{"href":"https:\/\/cipele.ba\/en\/wp-json\/wp\/v2\/media?parent=26268"}],"wp:term":[{"taxonomy":"product_brand","embeddable":true,"href":"https:\/\/cipele.ba\/en\/wp-json\/wp\/v2\/product_brand?post=26268"},{"taxonomy":"product_cat","embeddable":true,"href":"https:\/\/cipele.ba\/en\/wp-json\/wp\/v2\/product_cat?post=26268"},{"taxonomy":"product_tag","embeddable":true,"href":"https:\/\/cipele.ba\/en\/wp-json\/wp\/v2\/product_tag?post=26268"}],"curies":[{"name":"wp","href":"https:\/\/api.w.org\/{rel}","templated":true}]}}