{"id":26270,"date":"2025-10-13T22:06:58","date_gmt":"2025-10-13T22:06:58","guid":{"rendered":"https:\/\/cipele.ba\/shop\/uncategorized\/moon-boot-classic-low\/"},"modified":"2026-04-21T23:33:59","modified_gmt":"2026-04-21T23:33:59","slug":"moon-boot-classic-low","status":"publish","type":"product","link":"https:\/\/cipele.ba\/en\/shop\/zene\/zenske-cizme\/moon-boot-classic-low\/","title":{"rendered":"Moon Boot CLASSIC LOW"},"content":{"rendered":"<\/p>\n<p>MOON BOOT CLASSIC LOW su \u017eenske lifestyle \u010dizme koje su sve samo ne suptilne. <\/p>\n<p>Postale su popularne u godinama nakon Apollo 11 sletanja na Mesec i vratile se kao retro futuristi\u010dki trend po\u010detkom 2000-ih. Kreirane su u 13 razigranih, jakih boja i nose na sebi prepoznatljivi Moon Boot natpis. Inspirisane astronautima, a sli\u010dnog izgleda kao obu\u0107a za snoubording, dose\u017eu preko zglobova, okru\u017euju\u0107i ih svojim pufnastim, \u0161irokim izgledom. Punjene debelim slojem poliestera kao izolacionog materijala, ove \u010dizme su \u0161okantno tople i odr\u017eava\u0107e tvoje prste zagrijanim \u010dak i kada stoji\u0161 duboko u snijegu. Izuzetno su lagane za izuvanje i obuvanje kada ide\u0161 do grada ili se preobuva\u0161 nakon dugog dana punog skijanja, a ako odgovaraju tvom stilu, nesumnjivo \u0107e\u0161 ih obo\u017eavati.<\/p>\n<p> Specifikacija: <\/p>\n<li> \u017denske lifestyle \u010dizme <\/li>\n<li> Pertlanje <\/li>\n<li>MOON BOOT logo<\/li>\n<li> Gumeni \u0111on <\/li>","protected":false},"excerpt":{"rendered":"<p>MOON BOOT CLASSIC LOW su \u017eenske lifestyle \u010dizme koje su sve samo ne suptilne. Postale su popularne u godinama nakon Apollo 11 sletanja na Mesec i vratile se kao retro futuristi\u010dki trend po\u010detkom 2000-ih. Kreirane su u 13 razigranih, jakih boja i nose na sebi prepoznatljivi Moon Boot natpis. Inspirisane astronautima, a sli\u010dnog izgleda kao [&hellip;]<\/p>","protected":false},"featured_media":26267,"template":"","meta":{"jetpack_post_was_ever_published":false},"product_brand":[94],"product_cat":[81],"product_tag":[],"class_list":{"0":"post-26270","1":"product","2":"type-product","3":"status-publish","4":"has-post-thumbnail","6":"product_brand-sport_vision","7":"product_cat-zenske-cizme","9":"first","10":"instock","11":"sale","12":"shipping-taxable","13":"product-type-external"},"jetpack-related-posts":[],"jetpack_sharing_enabled":true,"_links":{"self":[{"href":"https:\/\/cipele.ba\/en\/wp-json\/wp\/v2\/product\/26270","targetHints":{"allow":["GET"]}}],"collection":[{"href":"https:\/\/cipele.ba\/en\/wp-json\/wp\/v2\/product"}],"about":[{"href":"https:\/\/cipele.ba\/en\/wp-json\/wp\/v2\/types\/product"}],"wp:featuredmedia":[{"embeddable":true,"href":"https:\/\/cipele.ba\/en\/wp-json\/wp\/v2\/media\/26267"}],"wp:attachment":[{"href":"https:\/\/cipele.ba\/en\/wp-json\/wp\/v2\/media?parent=26270"}],"wp:term":[{"taxonomy":"product_brand","embeddable":true,"href":"https:\/\/cipele.ba\/en\/wp-json\/wp\/v2\/product_brand?post=26270"},{"taxonomy":"product_cat","embeddable":true,"href":"https:\/\/cipele.ba\/en\/wp-json\/wp\/v2\/product_cat?post=26270"},{"taxonomy":"product_tag","embeddable":true,"href":"https:\/\/cipele.ba\/en\/wp-json\/wp\/v2\/product_tag?post=26270"}],"curies":[{"name":"wp","href":"https:\/\/api.w.org\/{rel}","templated":true}]}}